{"id":10,"date":"2025-12-13T16:55:55","date_gmt":"2025-12-13T15:55:55","guid":{"rendered":"http:\/\/serwer2502930.home.pl\/autoinstalator\/wordpressplugins\/index.php\/front_page\/"},"modified":"2026-01-18T19:29:03","modified_gmt":"2026-01-18T18:29:03","slug":"front_page","status":"publish","type":"page","link":"https:\/\/creatilaw.pl\/index.php\/front_page\/","title":{"rendered":"Home"},"content":{"rendered":"\n\n\n\n\n\n\n\n\n\n\n\n\n\nO nas\n\n\n\n\n\nCreatiLaw \u2014 prawo, kt\u00f3re my\u015bli nieszablonowo. Wierzymy, \u017ce prawo to nie tylko przepisy, to przestrze\u0144, w kt\u00f3rej mo\u017cna tworzy\u0107 rozwi\u0105zania. Dla nas ka\u017cda sprawa to proces tw\u00f3rczy, wymagaj\u0105cy po\u0142\u0105czenia strategii, wyobra\u017ani i do\u015bwiadczenia.\n\n\n\nSzukamy dr\u00f3g tam, gdzie inni widz\u0105 \u015bciany i tworzymy strategie, kt\u00f3re naprawd\u0119 dzia\u0142aj\u0105. Naszym celem nie jest powielanie schemat\u00f3w, lecz ich prze\u0142amywanie, po to, by pomaga\u0107 klientom rozwija\u0107 si\u0119 w zmieniaj\u0105cym si\u0119 \u015bwiecie. <br> Wierzymy, \u017ce rozwi\u0105zania prawne mog\u0105 by\u0107 tak samo unikalne, jak ludzie, kt\u00f3rzy je tworz\u0105.\n\n\n\n\nCzytaj wi\u0119cej\n\n\n\n\n\n\n\n\n\n\n\n\n\n\nCzym si\u0119 zajmujemy\n\n\n\n\n\nNasz zesp\u00f3\u0142 oferuje szeroki zakres us\u0142ug prawnych. Obs\u0142ugujemy podmioty zar\u00f3wno z sektora prywatnego jak i publicznego. Na co dzie\u0144 \u015bwiadczymy us\u0142ugi prawne na terenie Warszawy i Lublina, a tak\u017ce zdalnie na terenie ca\u0142ego kraju.\n\n\n\n\n\n\n\n\n\n\n\n\n\n\n\n<a href=\"http:\/\/serwer2502930.home.pl\/autoinstalator\/wordpressplugins\/index.php\/prawo-energetyczne\/\" data-type=\"page\" data-id=\"301\">Prawo energetyczne<\/a>\n\n\n\ns\u0142u\u017cebno\u015b\u0107 przesy\u0142u<br>odszkodowania za s\u0142upy energetyczne, linie energetyczne<br>reprezentacja przed Urz\u0119dem Regulacji Energetyki\n\n\n\n\n\n\n\n<a href=\"http:\/\/serwer2502930.home.pl\/autoinstalator\/wordpressplugins\/index.php\/prawo-bankowe\/\" data-type=\"page\" data-id=\"312\">prawo bankowe<\/a>\n\n\n\nkredyty frankowe<br>kredyty z\u0142ot\u00f3wkowe &#8211; WIBOR<br>sekcja kredytu darmowego (SDK)\n\n\n\n\n\n\n\n<a href=\"http:\/\/serwer2502930.home.pl\/autoinstalator\/wordpressplugins\/index.php\/odszkodowania\/\" data-type=\"page\" data-id=\"313\">odszkodowania<\/a>\n\n\n\nodszkodowania za szkody komunikacyjne<br>odszkodowania za nieprawid\u0142owo wykonan\u0105 us\u0142ug\u0119 medycyny estetycznej<br>odszkodowania za szkody rolnicze\/ szkody w uprawach\n\n\n\n\n\n\n\nMARKETING I OCHRONA WIZERUNKU W INTERNECIE\n\n\n\nreprezentacja os\u00f3b indywidualnych, mened\u017cer\u00f3w, influencer\u00f3w, firm w sprawach narusze\u0144 d\u00f3br osobistych<br>roszczenia os\u00f3b, kt\u00f3rych wizerunek zosta\u0142 wykorzystany jako deepfake<br>Prawo domen internetowych i UDRP\n\n\n\n\n\n\n\n<strong>IT,<br>e-commercE,<br>RODO<\/strong>\n\n\n\nregulaminy, polityki zwrot\u00f3w, prawo konsumenckie,<br>pe\u0142nienie funkcji Inspektora Ochrony Danych Osobowych\n\n\n\n\n\n\n\n<a href=\"http:\/\/serwer2502930.home.pl\/autoinstalator\/wordpressplugins\/index.php\/obsluga-przedsiebiorcow\/\" data-type=\"page\" data-id=\"316\">ob\u0142usga przedsi\u0119biorc\u00f3w<\/a>\n\n\n\nkompleksowa obs\u0142uga przedsi\u0119biorstw, w tym sp\u00f3\u0142ek oraz os\u00f3b fizycznych prowadz\u0105cych dzia\u0142alno\u015b\u0107 gospodarcz\u0105<br>wnioski do KRS, umowy, bie\u017c\u0105ce problemy prawne\n\n\n\n\n\n\n\n<a href=\"http:\/\/serwer2502930.home.pl\/autoinstalator\/wordpressplugins\/index.php\/start-up\/\" data-type=\"page\" data-id=\"318\">start-up<\/a>\n\n\n\nwyb\u00f3r formy prowadzonej dzia\u0142alno\u015bci gospodarczej<br>obs\u0142uga sp\u00f3\u0142ek, os\u00f3b fizycznych prowadz\u0105cych dzia\u0142alno\u015b\u0107 gospodarcz\u0105\n\n\n\n\n\n\n\n<a href=\"http:\/\/serwer2502930.home.pl\/autoinstalator\/wordpressplugins\/index.php\/windykacja-naleznosci\/\" data-type=\"page\" data-id=\"319\">windykac<\/a><a href=\"http:\/\/serwer2502930.home.pl\/autoinstalator\/wordpressplugins\/index.php\/windykacja-naleznosci\/\" data-type=\"page\" data-id=\"319\">ja nale\u017cno\u015bci<\/a>\n\n\n\nodzyskiwanie nale\u017cno\u015bci<br>reprezentacja w post\u0119powaniach s\u0105dowych<br>reprezentacja w post\u0119powaniach egzekucyjnych\n\n\n\n\n\n\n\n<a href=\"http:\/\/serwer2502930.home.pl\/autoinstalator\/wordpressplugins\/index.php\/prawo-rodzinne\/\" data-type=\"page\" data-id=\"321\">prawo rodzinne<\/a>\n\n\n\nrozwody<br>alimenty<br>w\u0142adza rodzicielska<br>prawo spadkowe\n\n\n\n\n\n\n\n\n\n\n\n\n\n\n\nZESP\u00d3\u0141\n\n\n\n\n\n\n\n\n\nEvoto\n\n\n\n\n\nNatalia Grudniewska\n\n\n\nradczyni prawna\n\n\n\n\n\n\n\n\n\n\n\nEvoto\n\n\n\n\n\nDominik Tokarski\n\n\n\nradca prawny\n\n\n\n\n\n\n\n\n\n\n\nEvoto\n\n\n\n\n\nBartosz Gieroba\n\n\n\nradca prawny\n\n\n\n\n\n\n\n\n\n\n\n\n\n\n\nWhat are you waiting for?\n\n\n\n\nContact us\n\n\n\n\nReady to take the next step? Let&#8217;s bring your vision to life! Explore our services and get in touch today for a consultation. Together, we&#8217;ll make it happen.\n\n\n\n\n\n\n\n\n\nFormularz kontaktowy\n\n\n\n\n\nZapraszamy do kontaktu.\n\n\n\n\n425-334-5956\n\n\n\nnasz@email.com\n\n\n\n\n\n\n\n\n\n\n","protected":false},"excerpt":{"rendered":"","protected":false},"author":1,"featured_media":0,"parent":0,"menu_order":0,"comment_status":"closed","ping_status":"closed","template":"","meta":{"footnotes":""},"class_list":["post-10","page","type-page","status-publish"],"yoast_head":"<!-- This site is optimized with the Yoast SEO plugin v26.4 - https:\/\/yoast.com\/wordpress\/plugins\/seo\/ -->\n<title>Home -<\/title>\n<meta name=\"robots\" content=\"index, follow, max-snippet:-1, max-image-preview:large, max-video-preview:-1\" \/>\n<link rel=\"canonical\" href=\"https:\/\/creatilaw.pl\/index.php\/front_page\/\" \/>\n<meta property=\"og:locale\" content=\"pl_PL\" \/>\n<meta property=\"og:type\" content=\"article\" \/>\n<meta property=\"og:title\" content=\"Home -\" \/>\n<meta property=\"og:url\" content=\"https:\/\/creatilaw.pl\/index.php\/front_page\/\" \/>\n<meta property=\"article:modified_time\" content=\"2026-01-18T18:29:03+00:00\" \/>\n<meta name=\"twitter:card\" content=\"summary_large_image\" \/>\n<meta name=\"twitter:label1\" content=\"Szacowany czas czytania\" \/>\n\t<meta name=\"twitter:data1\" content=\"3 minuty\" \/>\n<script type=\"application\/ld+json\" class=\"yoast-schema-graph\">{\"@context\":\"https:\/\/schema.org\",\"@graph\":[{\"@type\":\"WebPage\",\"@id\":\"https:\/\/creatilaw.pl\/index.php\/front_page\/\",\"url\":\"https:\/\/creatilaw.pl\/index.php\/front_page\/\",\"name\":\"Home -\",\"isPartOf\":{\"@id\":\"https:\/\/creatilaw.pl\/#website\"},\"datePublished\":\"2025-12-13T15:55:55+00:00\",\"dateModified\":\"2026-01-18T18:29:03+00:00\",\"breadcrumb\":{\"@id\":\"https:\/\/creatilaw.pl\/index.php\/front_page\/#breadcrumb\"},\"inLanguage\":\"pl-PL\",\"potentialAction\":[{\"@type\":\"ReadAction\",\"target\":[\"https:\/\/creatilaw.pl\/index.php\/front_page\/\"]}]},{\"@type\":\"BreadcrumbList\",\"@id\":\"https:\/\/creatilaw.pl\/index.php\/front_page\/#breadcrumb\",\"itemListElement\":[{\"@type\":\"ListItem\",\"position\":1,\"name\":\"Home\",\"item\":\"https:\/\/creatilaw.pl\/\"},{\"@type\":\"ListItem\",\"position\":2,\"name\":\"Home\"}]},{\"@type\":\"WebSite\",\"@id\":\"https:\/\/creatilaw.pl\/#website\",\"url\":\"https:\/\/creatilaw.pl\/\",\"name\":\"\",\"description\":\"\",\"potentialAction\":[{\"@type\":\"SearchAction\",\"target\":{\"@type\":\"EntryPoint\",\"urlTemplate\":\"https:\/\/creatilaw.pl\/?s={search_term_string}\"},\"query-input\":{\"@type\":\"PropertyValueSpecification\",\"valueRequired\":true,\"valueName\":\"search_term_string\"}}],\"inLanguage\":\"pl-PL\"}]}<\/script>\n<!-- \/ Yoast SEO plugin. -->","yoast_head_json":{"title":"Home -","robots":{"index":"index","follow":"follow","max-snippet":"max-snippet:-1","max-image-preview":"max-image-preview:large","max-video-preview":"max-video-preview:-1"},"canonical":"https:\/\/creatilaw.pl\/index.php\/front_page\/","og_locale":"pl_PL","og_type":"article","og_title":"Home -","og_url":"https:\/\/creatilaw.pl\/index.php\/front_page\/","article_modified_time":"2026-01-18T18:29:03+00:00","twitter_card":"summary_large_image","twitter_misc":{"Szacowany czas czytania":"3 minuty"},"schema":{"@context":"https:\/\/schema.org","@graph":[{"@type":"WebPage","@id":"https:\/\/creatilaw.pl\/index.php\/front_page\/","url":"https:\/\/creatilaw.pl\/index.php\/front_page\/","name":"Home -","isPartOf":{"@id":"https:\/\/creatilaw.pl\/#website"},"datePublished":"2025-12-13T15:55:55+00:00","dateModified":"2026-01-18T18:29:03+00:00","breadcrumb":{"@id":"https:\/\/creatilaw.pl\/index.php\/front_page\/#breadcrumb"},"inLanguage":"pl-PL","potentialAction":[{"@type":"ReadAction","target":["https:\/\/creatilaw.pl\/index.php\/front_page\/"]}]},{"@type":"BreadcrumbList","@id":"https:\/\/creatilaw.pl\/index.php\/front_page\/#breadcrumb","itemListElement":[{"@type":"ListItem","position":1,"name":"Home","item":"https:\/\/creatilaw.pl\/"},{"@type":"ListItem","position":2,"name":"Home"}]},{"@type":"WebSite","@id":"https:\/\/creatilaw.pl\/#website","url":"https:\/\/creatilaw.pl\/","name":"","description":"","potentialAction":[{"@type":"SearchAction","target":{"@type":"EntryPoint","urlTemplate":"https:\/\/creatilaw.pl\/?s={search_term_string}"},"query-input":{"@type":"PropertyValueSpecification","valueRequired":true,"valueName":"search_term_string"}}],"inLanguage":"pl-PL"}]}},"_links":{"self":[{"href":"https:\/\/creatilaw.pl\/index.php\/wp-json\/wp\/v2\/pages\/10","targetHints":{"allow":["GET"]}}],"collection":[{"href":"https:\/\/creatilaw.pl\/index.php\/wp-json\/wp\/v2\/pages"}],"about":[{"href":"https:\/\/creatilaw.pl\/index.php\/wp-json\/wp\/v2\/types\/page"}],"author":[{"embeddable":true,"href":"https:\/\/creatilaw.pl\/index.php\/wp-json\/wp\/v2\/users\/1"}],"replies":[{"embeddable":true,"href":"https:\/\/creatilaw.pl\/index.php\/wp-json\/wp\/v2\/comments?post=10"}],"version-history":[{"count":201,"href":"https:\/\/creatilaw.pl\/index.php\/wp-json\/wp\/v2\/pages\/10\/revisions"}],"predecessor-version":[{"id":604,"href":"https:\/\/creatilaw.pl\/index.php\/wp-json\/wp\/v2\/pages\/10\/revisions\/604"}],"wp:attachment":[{"href":"https:\/\/creatilaw.pl\/index.php\/wp-json\/wp\/v2\/media?parent=10"}],"curies":[{"name":"wp","href":"https:\/\/api.w.org\/{rel}","templated":true}]}}