{"id":301,"date":"2026-01-10T16:16:34","date_gmt":"2026-01-10T15:16:34","guid":{"rendered":"http:\/\/serwer2502930.home.pl\/autoinstalator\/wordpressplugins\/index.php\/prawo-energetyczne\/"},"modified":"2026-02-12T21:09:38","modified_gmt":"2026-02-12T20:09:38","slug":"tresc-prawo-energetyczne","status":"publish","type":"page","link":"https:\/\/creatilaw.pl\/index.php\/tresc-prawo-energetyczne\/","title":{"rendered":"tresc &#8211; Prawo energetyczne"},"content":{"rendered":"\n<p>Oferujemy kompleksowe wsparcie prawne w kluczowych obszarach sektora energetycznego. Zajmujemy si\u0119 analiz\u0105 sytuacji prawnej nieruchomo\u015bci, na kt\u00f3rych postawiono urz\u0105dzenia przesy\u0142owe &#8211; s\u0142upy energetyczne, linie energetycznego wysokiego napi\u0119cia. Oferujemy kompleksowe wsparcie w dochodzeniu odszkodowania oraz ustanowienia s\u0142u\u017cebno\u015bci przesy\u0142u. \u015awiadczymy pomoc w przygotowywaniu i obs\u0142udze transakcji w sektorze energetycznym i paliwowym, ze szczeg\u00f3lnym naciskiem na odnawialne \u017ar\u00f3d\u0142a energii. Reprezentujemy klient\u00f3w przed Urz\u0119dem Regulacji Energetyki. Reprezentujemy klient\u00f3w przed s\u0105dami powszechnymi w sprawach zwi\u0105zanych z bran\u017c\u0105 energetyczn\u0105. Doradzamy w zakresie polskiego i unijnego prawa energetycznego, w tym polityki klimatycznej i energetycznej. Wspieramy w prawnych kwestiach wp\u0142ywu inwestycji energetycznych na \u015brodowisko naturalne. Pomagamy w uruchomieniu i prowadzeniu dzia\u0142alno\u015bci koncesjonowanej, w tym w post\u0119powaniach administracyjnych.<\/p>\n\n\n\n<p><strong>Post\u0119powania regulacyjne <\/strong><\/p>\n\n\n\n<p>Prowadzimy post\u0119powania przed Prezesem Urz\u0119du Regulacji Energetyki, oferujemy zast\u0119pstwo prawne przed&nbsp;urz\u0119dami i s\u0105dami w&nbsp;sprawach dotycz\u0105cych kwestii regulacyjnych, w&nbsp;szczeg\u00f3lno\u015bci w&nbsp;post\u0119powaniach przed&nbsp;Prezesem Urz\u0119du Regulacji Energetyki oraz&nbsp;Prezesem Urz\u0119du Ochrony Konkurencji i&nbsp;Konsument\u00f3w.<\/p>\n\n\n\n<p><strong>Tytu\u0142 prawny do nieruchomo\u015bci<\/strong><\/p>\n\n\n\n<p>Przeprowadzamy analiz\u0119 stanu prawnego nieruchomo\u015bci, na kt\u00f3rych posadowione s\u0105 przesy\u0142owe urz\u0105dzenia energetyczne oraz zapewniamy kompleksow\u0105 obs\u0142ug\u0119 w zakresie regulowania tytu\u0142\u00f3w prawnych. Reprezentujemy klient\u00f3w w sporach dotycz\u0105cych dost\u0119pu do nieruchomo\u015bci, ustanowienia s\u0142u\u017cebno\u015bci przesy\u0142u oraz dochodzenia roszcze\u0144 odszkodowawczych.<\/p>\n\n\n\n<p><strong>Odszkodowania za bezumowne korzystanie z nieruchomo\u015bci przez s\u0142upy energetyczne<\/strong><\/p>\n\n\n\n<p>Reprezentujemy w\u0142a\u015bcicieli nieruchomo\u015bci w sprawach odszkodowawczych zwi\u0105zanych z bezprawnym korzystaniem z ich grunt\u00f3w przez przedsi\u0119biorstwa energetyczne w zwi\u0105zku z posadowieniem przesy\u0142owych urz\u0105dze\u0144 energetycznych, w tym s\u0142up\u00f3w energetycznych. Przeprowadzamy szczeg\u00f3\u0142ow\u0105 analiz\u0119 stanu prawnego nieruchomo\u015bci, weryfikuj\u0105c tytu\u0142y prawne do s\u0142u\u017cebno\u015bci przesy\u0142u, ogranicze\u0144 w rozporz\u0105dzaniu gruntem lub innych obci\u0105\u017ce\u0144 wynikaj\u0105cych z wieloletniego u\u017cytkowania bez w\u0142a\u015bciwej umowy. Weryfikujemy podstawy roszcze\u0144, w tym bezumowne korzystanie z rzeczy, utracone korzy\u015bci z nieruchomo\u015bci, obni\u017cenie warto\u015bci nieruchomo\u015bci, a tak\u017ce roszczenia o zap\u0142at\u0119 za bezpodstawne wzbogacenie operatora sieci. Prowadzimy negocjacje ugodowe z przedsi\u0119biorstwami energetycznymi, za\u015b w razie braku porozumienia reprezentujemy klient\u00f3w w post\u0119powaniach s\u0105dowych. <\/p>\n\n\n\n<p><strong>Odnawialne \u017ar\u00f3d\u0142a energii (OZE)<\/strong><\/p>\n\n\n\n<p>Odnawialne \u017ar\u00f3d\u0142a energii (OZE) stanowi\u0105 jeden z kluczowych kierunk\u00f3w transformacji energetycznej, a dynamiczny rozw\u00f3j tego sektora wymaga precyzyjnego i bezpiecznego uregulowania kwestii prawnych. Wspieramy klient\u00f3w na wszystkich etapach realizacji projekt\u00f3w zwi\u0105zanych z OZE, od analizy regulacji prawnych dotycz\u0105cych OZE, analizy stanu prawnego grunt\u00f3w, poprzez przygotowanie i negocjowanie um\u00f3w (w tym dzier\u017cawy i najmu) oraz dokumentacji projektowej, wsparcie w negocjacjach z partnerami biznesowymi, po prowadzenie post\u0119powa\u0144 administracyjnych. <\/p>\n\n\n\n<p><strong>Umowy dzier\u017cawy grunt\u00f3w<\/strong><\/p>\n\n\n\n<p>\u015awiadczymy us\u0142ugi w zakresie um\u00f3w dzier\u017cawy grunt\u00f3w, obejmuj\u0105ce przygotowywanie d\u0142ugoterminowych kontrakt\u00f3w, transfer praw i obowi\u0105zk\u00f3w dzier\u017cawcy oraz negocjowanie warunk\u00f3w i reprezentowanie zar\u00f3wno w\u0142a\u015bcicieli grunt\u00f3w, jak i inwestor\u00f3w.<\/p>\n\n\n\n<p><strong>Energia wiatrowa<\/strong><\/p>\n\n\n\n<p>\u015awiadczymy kompleksowe wsparcie przy projektach zwi\u0105zanych z energi\u0105 wiatrow\u0105, obejmuj\u0105ce analiz\u0119 dokumentacji projektowej, w tym pozwole\u0144 na budow\u0119, miejscowych plan\u00f3w zagospodarowania przestrzennego, decyzji o warunkach zabudowy, warunk\u00f3w przy\u0142\u0105czenia do sieci, weryfikacj\u0119 zawartych przedwst\u0119pnych oraz przyrzeczonych um\u00f3w dzier\u017cawy, analiz\u0119 pozosta\u0142ych specyficznych opinii, zezwole\u0144 i wymog\u00f3w dotycz\u0105cych farm wiatrowych, przeprowadzanie <em>due diligence<\/em> projektu oraz przygotowanie jego transferu do sp\u00f3\u0142ki celowej (SPV).<\/p>\n\n\n\n<p><strong>Energia s\u0142oneczna<\/strong><\/p>\n\n\n\n<p>\u015awiadczymy kompleksowe doradztwo w projektach zwi\u0105zanych z energi\u0105 s\u0142oneczn\u0105, obejmuj\u0105ce obs\u0142ug\u0119 zagadnie\u0144 z zakresu prawa energetycznego, przygotowywanie przekszta\u0142ce\u0144 projekt\u00f3w oraz sp\u00f3\u0142ek celowych (SPV), przeprowadzanie <em>due diligence<\/em> projekt\u00f3w, a tak\u017ce analiz\u0119 specyficznych wymog\u00f3w, decyzji i pozwole\u0144 dotycz\u0105cych instalacji fotowoltaicznych i innych przedsi\u0119wzi\u0119\u0107 solarnych.<\/p>\n\n\n\n<p><strong>Elektromobilno\u015b\u0107\/ e-mobility<\/strong><\/p>\n\n\n\n<p><br>Oferujemy specjalistyczne wsparcie prawne dla podmiot\u00f3w aktywnych na rynku elektromobilno\u015bci, wspieramy tworzenie i rozw\u00f3j sieci stacji \u0142adowania, optymalizuj\u0105c procesy prawne, przygotowuj\u0105c oraz opiniuj\u0105c niezb\u0119dne umowy. Jasno t\u0142umaczymy ramy regulacyjne elektromobilno\u015bci, uwzgl\u0119dniaj\u0105c planowane zmiany legislacyjne, co pomaga klientom w konstruowaniu skutecznych modeli biznesowych. Tworzymy i weryfikujemy regulaminy \u015bwiadczenia us\u0142ug \u0142adowania, z naciskiem na minimalizacj\u0119 ryzyk prawnych i operacyjnych zwi\u0105zanych z tymi us\u0142ugami. Wspieramy deweloper\u00f3w, w\u0142a\u015bcicieli oraz zarz\u0105dc\u00f3w budynk\u00f3w mieszkalnych i niemieszkalnych w realizacji obowi\u0105zk\u00f3w dotycz\u0105cych budowy infrastruktury \u0142adowania, zapewniaj\u0105c zgodno\u015b\u0107 z przepisami o elektromobilno\u015bci. Dla inwestor\u00f3w planuj\u0105cych sprzeda\u017c lub zakup sieci stacji \u0142adowania przeprowadzamy szczeg\u00f3\u0142owe audyty prawne, w tym analiz\u0119 dokumentacji projektowej i struktur sp\u00f3\u0142ek. Przygotowujemy pe\u0142n\u0105 dokumentacj\u0119 transakcyjn\u0105 oraz wspieramy negocjacje, gwarantuj\u0105c bezpiecze\u0144stwo prawne i efektywno\u015b\u0107 proces\u00f3w.<\/p>\n","protected":false},"excerpt":{"rendered":"<p>Oferujemy kompleksowe wsparcie prawne w kluczowych obszarach sektora energetycznego. Zajmujemy si\u0119 analiz\u0105 sytuacji prawnej nieruchomo\u015bci, na kt\u00f3rych postawiono urz\u0105dzenia przesy\u0142owe &#8211; s\u0142upy energetyczne, linie energetycznego wysokiego napi\u0119cia. Oferujemy kompleksowe wsparcie w dochodzeniu odszkodowania oraz ustanowienia s\u0142u\u017cebno\u015bci przesy\u0142u. \u015awiadczymy pomoc w przygotowywaniu i obs\u0142udze transakcji w sektorze energetycznym i paliwowym, ze szczeg\u00f3lnym naciskiem na odnawialne \u017ar\u00f3d\u0142a &#8230; <a title=\"tresc &#8211; Prawo energetyczne\" class=\"read-more\" href=\"https:\/\/creatilaw.pl\/index.php\/tresc-prawo-energetyczne\/\" aria-label=\"Dowiedz si\u0119 wi\u0119cej o tresc &#8211; Prawo energetyczne\">Dowiedz si\u0119 wi\u0119cej<\/a><\/p>\n","protected":false},"author":1,"featured_media":0,"parent":0,"menu_order":0,"comment_status":"closed","ping_status":"closed","template":"","meta":{"footnotes":""},"class_list":["post-301","page","type-page","status-publish"],"yoast_head":"<!-- This site is optimized with the Yoast SEO plugin v26.4 - https:\/\/yoast.com\/wordpress\/plugins\/seo\/ -->\n<title>Prawo energetyczne - GTG CreatiLaw<\/title>\n<meta name=\"description\" content=\"Bezpieczne inwestycje w OZE i e-mobility. Audyty um\u00f3w. Odszkodowania za bezumowne korzystanie z gruntu, odszkodowania za s\u0142upy energetyczne.\" \/>\n<meta name=\"robots\" content=\"index, follow, max-snippet:-1, max-image-preview:large, max-video-preview:-1\" \/>\n<link rel=\"canonical\" href=\"https:\/\/creatilaw.pl\/index.php\/tresc-prawo-energetyczne\/\" \/>\n<meta property=\"og:locale\" content=\"pl_PL\" \/>\n<meta property=\"og:type\" content=\"article\" \/>\n<meta property=\"og:title\" content=\"Prawo energetyczne - GTG CreatiLaw\" \/>\n<meta property=\"og:description\" content=\"Bezpieczne inwestycje w OZE i e-mobility. Audyty um\u00f3w. Odszkodowania za bezumowne korzystanie z gruntu, odszkodowania za s\u0142upy energetyczne.\" \/>\n<meta property=\"og:url\" content=\"https:\/\/creatilaw.pl\/index.php\/tresc-prawo-energetyczne\/\" \/>\n<meta property=\"article:modified_time\" content=\"2026-02-12T20:09:38+00:00\" \/>\n<meta name=\"twitter:card\" content=\"summary_large_image\" \/>\n<meta name=\"twitter:label1\" content=\"Szacowany czas czytania\" \/>\n\t<meta name=\"twitter:data1\" content=\"4 minuty\" \/>\n<script type=\"application\/ld+json\" class=\"yoast-schema-graph\">{\"@context\":\"https:\/\/schema.org\",\"@graph\":[{\"@type\":\"WebPage\",\"@id\":\"https:\/\/creatilaw.pl\/index.php\/tresc-prawo-energetyczne\/\",\"url\":\"https:\/\/creatilaw.pl\/index.php\/tresc-prawo-energetyczne\/\",\"name\":\"Prawo energetyczne - GTG CreatiLaw\",\"isPartOf\":{\"@id\":\"https:\/\/creatilaw.pl\/#website\"},\"datePublished\":\"2026-01-10T15:16:34+00:00\",\"dateModified\":\"2026-02-12T20:09:38+00:00\",\"description\":\"Bezpieczne inwestycje w OZE i e-mobility. Audyty um\u00f3w. Odszkodowania za bezumowne korzystanie z gruntu, odszkodowania za s\u0142upy energetyczne.\",\"breadcrumb\":{\"@id\":\"https:\/\/creatilaw.pl\/index.php\/tresc-prawo-energetyczne\/#breadcrumb\"},\"inLanguage\":\"pl-PL\",\"potentialAction\":[{\"@type\":\"ReadAction\",\"target\":[\"https:\/\/creatilaw.pl\/index.php\/tresc-prawo-energetyczne\/\"]}]},{\"@type\":\"BreadcrumbList\",\"@id\":\"https:\/\/creatilaw.pl\/index.php\/tresc-prawo-energetyczne\/#breadcrumb\",\"itemListElement\":[{\"@type\":\"ListItem\",\"position\":1,\"name\":\"Home\",\"item\":\"https:\/\/creatilaw.pl\/\"},{\"@type\":\"ListItem\",\"position\":2,\"name\":\"tresc &#8211; Prawo energetyczne\"}]},{\"@type\":\"WebSite\",\"@id\":\"https:\/\/creatilaw.pl\/#website\",\"url\":\"https:\/\/creatilaw.pl\/\",\"name\":\"\",\"description\":\"\",\"potentialAction\":[{\"@type\":\"SearchAction\",\"target\":{\"@type\":\"EntryPoint\",\"urlTemplate\":\"https:\/\/creatilaw.pl\/?s={search_term_string}\"},\"query-input\":{\"@type\":\"PropertyValueSpecification\",\"valueRequired\":true,\"valueName\":\"search_term_string\"}}],\"inLanguage\":\"pl-PL\"}]}<\/script>\n<!-- \/ Yoast SEO plugin. -->","yoast_head_json":{"title":"Prawo energetyczne - GTG CreatiLaw","description":"Bezpieczne inwestycje w OZE i e-mobility. Audyty um\u00f3w. Odszkodowania za bezumowne korzystanie z gruntu, odszkodowania za s\u0142upy energetyczne.","robots":{"index":"index","follow":"follow","max-snippet":"max-snippet:-1","max-image-preview":"max-image-preview:large","max-video-preview":"max-video-preview:-1"},"canonical":"https:\/\/creatilaw.pl\/index.php\/tresc-prawo-energetyczne\/","og_locale":"pl_PL","og_type":"article","og_title":"Prawo energetyczne - GTG CreatiLaw","og_description":"Bezpieczne inwestycje w OZE i e-mobility. Audyty um\u00f3w. Odszkodowania za bezumowne korzystanie z gruntu, odszkodowania za s\u0142upy energetyczne.","og_url":"https:\/\/creatilaw.pl\/index.php\/tresc-prawo-energetyczne\/","article_modified_time":"2026-02-12T20:09:38+00:00","twitter_card":"summary_large_image","twitter_misc":{"Szacowany czas czytania":"4 minuty"},"schema":{"@context":"https:\/\/schema.org","@graph":[{"@type":"WebPage","@id":"https:\/\/creatilaw.pl\/index.php\/tresc-prawo-energetyczne\/","url":"https:\/\/creatilaw.pl\/index.php\/tresc-prawo-energetyczne\/","name":"Prawo energetyczne - GTG CreatiLaw","isPartOf":{"@id":"https:\/\/creatilaw.pl\/#website"},"datePublished":"2026-01-10T15:16:34+00:00","dateModified":"2026-02-12T20:09:38+00:00","description":"Bezpieczne inwestycje w OZE i e-mobility. Audyty um\u00f3w. Odszkodowania za bezumowne korzystanie z gruntu, odszkodowania za s\u0142upy energetyczne.","breadcrumb":{"@id":"https:\/\/creatilaw.pl\/index.php\/tresc-prawo-energetyczne\/#breadcrumb"},"inLanguage":"pl-PL","potentialAction":[{"@type":"ReadAction","target":["https:\/\/creatilaw.pl\/index.php\/tresc-prawo-energetyczne\/"]}]},{"@type":"BreadcrumbList","@id":"https:\/\/creatilaw.pl\/index.php\/tresc-prawo-energetyczne\/#breadcrumb","itemListElement":[{"@type":"ListItem","position":1,"name":"Home","item":"https:\/\/creatilaw.pl\/"},{"@type":"ListItem","position":2,"name":"tresc &#8211; Prawo energetyczne"}]},{"@type":"WebSite","@id":"https:\/\/creatilaw.pl\/#website","url":"https:\/\/creatilaw.pl\/","name":"","description":"","potentialAction":[{"@type":"SearchAction","target":{"@type":"EntryPoint","urlTemplate":"https:\/\/creatilaw.pl\/?s={search_term_string}"},"query-input":{"@type":"PropertyValueSpecification","valueRequired":true,"valueName":"search_term_string"}}],"inLanguage":"pl-PL"}]}},"_links":{"self":[{"href":"https:\/\/creatilaw.pl\/index.php\/wp-json\/wp\/v2\/pages\/301","targetHints":{"allow":["GET"]}}],"collection":[{"href":"https:\/\/creatilaw.pl\/index.php\/wp-json\/wp\/v2\/pages"}],"about":[{"href":"https:\/\/creatilaw.pl\/index.php\/wp-json\/wp\/v2\/types\/page"}],"author":[{"embeddable":true,"href":"https:\/\/creatilaw.pl\/index.php\/wp-json\/wp\/v2\/users\/1"}],"replies":[{"embeddable":true,"href":"https:\/\/creatilaw.pl\/index.php\/wp-json\/wp\/v2\/comments?post=301"}],"version-history":[{"count":18,"href":"https:\/\/creatilaw.pl\/index.php\/wp-json\/wp\/v2\/pages\/301\/revisions"}],"predecessor-version":[{"id":827,"href":"https:\/\/creatilaw.pl\/index.php\/wp-json\/wp\/v2\/pages\/301\/revisions\/827"}],"wp:attachment":[{"href":"https:\/\/creatilaw.pl\/index.php\/wp-json\/wp\/v2\/media?parent=301"}],"curies":[{"name":"wp","href":"https:\/\/api.w.org\/{rel}","templated":true}]}}