{"id":312,"date":"2026-01-10T17:16:19","date_gmt":"2026-01-10T16:16:19","guid":{"rendered":"http:\/\/serwer2502930.home.pl\/autoinstalator\/wordpressplugins\/index.php\/prawo-bankowe\/"},"modified":"2026-02-24T23:57:16","modified_gmt":"2026-02-24T22:57:16","slug":"prawo-bankowe","status":"publish","type":"page","link":"https:\/\/creatilaw.pl\/index.php\/prawo-bankowe\/","title":{"rendered":""},"content":{"rendered":"\n<style>\n\/* Sekcja wprowadzaj\u0105ca *\/\n.cl-intro-section {\n  max-width: 800px;\n  margin: 0 auto 50px;\n  padding: 0 20px;\n}\n\n.cl-intro-section h1 {\n  font-size: 32px;\n  font-weight: 700;\n  color: #1f2937;\n  margin-bottom: 8px;\n}\n\n.cl-intro-section h1::after {\n  content: '';\n  display: block;\n  width: 60px;\n  height: 3px;\n  background: #0073e6;\n  margin-top: 16px;\n  margin-bottom: 24px;\n}\n\n.cl-intro-section p {\n  font-size: 16px;\n  color: #333;\n  line-height: 1.8;\n  margin-bottom: 20px;\n}\n\n\/* Lista temat\u00f3w *\/\n.cl-topics-section {\n  width: 100%;\n  max-width: 800px;\n  margin: 0 auto 40px;\n  padding: 0 20px;\n}\n\n.cl-topics-intro {\n  margin-bottom: 24px;\n}\n\n.cl-topics-intro h3 {\n  color: #1f2937;\n  font-size: 18px;\n  font-weight: 600;\n  margin-bottom: 12px;\n}\n\n.cl-topics-list {\n  display: flex;\n  flex-direction: column;\n  gap: 16px;\n}\n\n.cl-topic-item {\n  background: #ffffff;\n  border: 1px solid #e5e7eb;\n  border-radius: 8px;\n  padding: 32px 36px;\n  position: relative;\n  overflow: hidden;\n  transition: all 0.3s cubic-bezier(0.4, 0, 0.2, 1);\n  cursor: pointer;\n  text-decoration: none;\n  display: block;\n}\n\n.cl-topic-item::before {\n  content: '';\n  position: absolute;\n  left: 0;\n  top: 0;\n  bottom: 0;\n  width: 3px;\n  background: #0073e6;\n  transform: scaleY(0);\n  transform-origin: bottom;\n  transition: transform 0.3s ease;\n}\n\n.cl-topic-item:hover::before {\n  transform: scaleY(1);\n  transform-origin: top;\n}\n\n.cl-topic-item:hover {\n  border-color: #0073e6;\n  box-shadow: 0 4px 20px rgba(0, 115, 230, 0.08);\n  transform: translateX(4px);\n}\n\n.cl-topic-title {\n  color: #1f2937;\n  font-size: 20px;\n  font-weight: 600;\n  margin: 0 0 12px 0;\n  transition: color 0.3s ease;\n  letter-spacing: -0.01em;\n}\n\n.cl-topic-item:hover .cl-topic-title {\n  color: #0073e6;\n}\n\n.cl-topic-description {\n  color: #6b7280;\n  font-size: 15px;\n  line-height: 1.7;\n  margin: 0 0 16px 0;\n  transition: color 0.3s ease;\n}\n\n.cl-topic-item:hover .cl-topic-description {\n  color: #4b5563;\n}\n\n.cl-topic-link {\n  display: inline-flex;\n  align-items: center;\n  gap: 8px;\n  color: #0073e6;\n  font-size: 14px;\n  font-weight: 500;\n  transition: all 0.3s ease;\n  margin-top: 4px;\n}\n\n.cl-topic-link-arrow {\n  font-size: 16px;\n  transition: transform 0.3s ease;\n}\n\n.cl-topic-item:hover .cl-topic-link {\n  gap: 12px;\n}\n\n.cl-topic-item:hover .cl-topic-link-arrow {\n  transform: translateX(4px);\n}\n\n\/* Link powrotny *\/\n.cl-back-link {\n  display: inline-flex;\n  align-items: center;\n  color: #0073e6;\n  text-decoration: none;\n  font-size: 15px;\n  margin-top: 40px;\n  transition: color 0.3s;\n}\n\n.cl-back-link:hover {\n  color: #005bb5;\n}\n\n.cl-back-link span {\n  margin-right: 8px;\n}\n\n\/* Animacja przy za\u0142adowaniu *\/\n@keyframes fadeInUp {\n  from {\n    opacity: 0;\n    transform: translateY(20px);\n  }\n  to {\n    opacity: 1;\n    transform: translateY(0);\n  }\n}\n\n.cl-topic-item {\n  animation: fadeInUp 0.5s ease-out backwards;\n}\n\n.cl-topic-item:nth-child(1) { animation-delay: 0.1s; }\n.cl-topic-item:nth-child(2) { animation-delay: 0.15s; }\n.cl-topic-item:nth-child(3) { animation-delay: 0.2s; }\n\n\/* Responsywno\u015b\u0107 *\/\n@media (max-width: 768px) {\n  .cl-intro-section h1 {\n    font-size: 26px;\n  }\n  \n  .cl-topic-item {\n    padding: 24px 20px;\n  }\n  \n  .cl-topic-title {\n    font-size: 18px;\n  }\n  \n  .cl-topic-description {\n    font-size: 14px;\n  }\n  \n  .cl-topic-item:hover {\n    transform: translateX(2px);\n  }\n}\n<\/style>\n<!-- Sekcja wprowadzaj\u0105ca -->\n<section class=\"cl-intro-section\">\n  <h1>Prawo Bankowe \u2013 Skuteczna Pomoc dla Kredytobiorc\u00f3w\n<\/h1>\n  \n  <p>W CreatiLaw prawo bankowe to nie tylko przepisy \u2013 to walka o Twoje bezpiecze\u0144stwo finansowe. Tam, gdzie inni widz\u0105 bariery w postaci skomplikowanych um\u00f3w bankowych, my dostrzegamy szans\u0119 na <b>odzyskanie Twoich pieni\u0119dzy<\/b>.<\/p>\n \n  \n  <p>Rozumiemy, \u017ce sp\u00f3r z bankiem to stresuj\u0105ce do\u015bwiadczenie. Dlatego nasz zesp\u00f3\u0142 ekspert\u00f3w z <b>Warszawy i Lublina<\/b> (dzia\u0142aj\u0105cy zdalnie w ca\u0142ej Polsce) przejmuje ci\u0119\u017car walki na siebie. Nie powielamy schemat\u00f3w. Ka\u017cda sprawa \u2013 czy to kredyt we frankach, czy sp\u00f3r o WIBOR \u2013 to dla nas proces tw\u00f3rczy, \u0142\u0105cz\u0105cy precyzyjn\u0105 analiz\u0119 prawn\u0105 z odwa\u017cn\u0105 strategi\u0105 procesow\u0105.<\/p>\n<\/section>\n\n<!-- Lista temat\u00f3w -->\n<section class=\"cl-topics-section\">\n  <div class=\"cl-topics-intro\">\n    <h3>Wybierz temat, kt\u00f3ry Ci\u0119 interesuje:<\/h3>\n  <\/div>\n  \n  <div class=\"cl-topics-list\">\n    \n    <a href=\"\/index.php\/wyswietlanie-wibor\/\" class=\"cl-topic-item\">\n      <h4 class=\"cl-topic-title\">Kredyty z\u0142ot\u00f3wkowe \u2013 WIBOR<\/h4>\n      <p class=\"cl-topic-description\">\n        <b>Dzia\u0142ania zmierzaj\u0105ce do ca\u0142kowitego usuni\u0119cia stawki WIBOR z umowy kredytowej. Reprezentacja w sporach o ustalenie, \u017ce oprocentowanie powinno opiera\u0107 si\u0119 wy\u0142\u0105cznie o sta\u0142\u0105 mar\u017c\u0119 banku. Celem jest znaczne obni\u017cenie miesi\u0119cznej raty oraz zwrot nadp\u0142aconych odsetek.<\/b>\n      <\/p>\n      <span class=\"cl-topic-link\">\n        Dowiedz si\u0119 wi\u0119cej \n        <span class=\"cl-topic-link-arrow\">\u2192<\/span>\n      <\/span>\n    <\/a>\n\n    <a href=\"\/index.php\/chf\/\" class=\"cl-topic-item\">\n      <h4 class=\"cl-topic-title\">Kredyty frankowe<\/h4>\n      <p class=\"cl-topic-description\">\n        <b>Kompleksowa obs\u0142uga spraw frankowych. Reprezentacja w post\u0119powaniach s\u0105dowych, analiza klauzul waloryzacyjnych i dochodzenie uniewa\u017cnienia um\u00f3w kredytowych.<b>\n      <\/p>\n      <span class=\"cl-topic-link\">\n        Dowiedz si\u0119 wi\u0119cej \n        <span class=\"cl-topic-link-arrow\">\u2192<\/span>\n      <\/span>\n    <\/a>\n\n    <a href=\"\/index.php\/skd\/\" class=\"cl-topic-item\">\n      <h4 class=\"cl-topic-title\">Sankcja kredytu darmowego (SKD)<\/h4>\n      <p class=\"cl-topic-description\">\n        <b>Zamiana drogiego kredytu w darmowy. Analiza umowy pod k\u0105tem narusze\u0144 ustawy o kredycie konsumenckim, kt\u00f3re skutkuj\u0105 anulowaniem odsetek i innych koszt\u00f3w oraz zwrotem nadp\u0142aty<\/b>\n      <\/p>\n      <span class=\"cl-topic-link\">\n        Dowiedz si\u0119 wi\u0119cej \n        <span class=\"cl-topic-link-arrow\">\u2192<\/span>\n      <\/span>\n    <\/a>\n\n  <\/div>\n  \n  <a href=\"\/index.php\/#specjalizacje\" class=\"cl-back-link\"><span>\u2190<\/span>Wr\u00f3\u0107<\/a>\n<\/section>\n\n<script>\n(function() {\n  function fixTopicLinks() {\n    var fullPath = window.location.origin + window.location.pathname;\n    var baseUrl = fullPath.substring(0, fullPath.lastIndexOf('\/') + 1);\n    \n    var topicLinks = document.querySelectorAll('.cl-topic-item');\n    \n    topicLinks.forEach(function(link) {\n      var href = link.getAttribute('href');\n      \n      if (href && !href.startsWith('http') && !href.startsWith('\/')) {\n        link.setAttribute('href', baseUrl + href);\n      }\n    });\n  }\n  \n  if (document.readyState === 'loading') {\n    document.addEventListener('DOMContentLoaded', fixTopicLinks);\n  } else {\n    fixTopicLinks();\n  }\n})();\n<\/script>\n","protected":false},"excerpt":{"rendered":"<p>Prawo Bankowe \u2013 Skuteczna Pomoc dla Kredytobiorc\u00f3w W CreatiLaw prawo bankowe to nie tylko przepisy \u2013 to walka o Twoje bezpiecze\u0144stwo finansowe. Tam, gdzie inni widz\u0105 bariery w postaci skomplikowanych um\u00f3w bankowych, my dostrzegamy szans\u0119 na odzyskanie Twoich pieni\u0119dzy. Rozumiemy, \u017ce sp\u00f3r z bankiem to stresuj\u0105ce do\u015bwiadczenie. Dlatego nasz zesp\u00f3\u0142 ekspert\u00f3w z Warszawy i Lublina &#8230; <a title=\"\" class=\"read-more\" href=\"https:\/\/creatilaw.pl\/index.php\/prawo-bankowe\/\" aria-label=\"Dowiedz si\u0119 wi\u0119cej o \">Dowiedz si\u0119 wi\u0119cej<\/a><\/p>\n","protected":false},"author":1,"featured_media":1087,"parent":0,"menu_order":0,"comment_status":"closed","ping_status":"closed","template":"","meta":{"footnotes":""},"class_list":["post-312","page","type-page","status-publish","has-post-thumbnail"],"yoast_head":"<!-- This site is optimized with the Yoast SEO plugin v26.4 - https:\/\/yoast.com\/wordpress\/plugins\/seo\/ -->\n<title>Prawo bankowe - GTG CreatiLaw<\/title>\n<meta name=\"description\" content=\"Prawo bankowe - GTG CreatiLaw - Wsparcie w sporach z bankami: kredyty frankowe, kredyty z\u0142ot\u00f3wkowe \u2013 WIBOR, sekcja kredytu darmowego (SDK)\" \/>\n<meta name=\"robots\" content=\"index, follow, max-snippet:-1, max-image-preview:large, max-video-preview:-1\" \/>\n<link rel=\"canonical\" href=\"https:\/\/creatilaw.pl\/index.php\/prawo-bankowe\/\" \/>\n<meta property=\"og:locale\" content=\"pl_PL\" \/>\n<meta property=\"og:type\" content=\"article\" \/>\n<meta property=\"og:title\" content=\"Prawo bankowe - GTG CreatiLaw\" \/>\n<meta property=\"og:description\" content=\"Prawo bankowe - GTG CreatiLaw - Wsparcie w sporach z bankami: kredyty frankowe, kredyty z\u0142ot\u00f3wkowe \u2013 WIBOR, sekcja kredytu darmowego (SDK)\" \/>\n<meta property=\"og:url\" content=\"https:\/\/creatilaw.pl\/index.php\/prawo-bankowe\/\" \/>\n<meta property=\"article:modified_time\" content=\"2026-02-24T22:57:16+00:00\" \/>\n<meta property=\"og:image\" content=\"https:\/\/creatilaw.pl\/wp-content\/uploads\/2026\/02\/bankowe-e1771973814345.webp\" \/>\n\t<meta property=\"og:image:width\" content=\"2560\" \/>\n\t<meta property=\"og:image:height\" content=\"994\" \/>\n\t<meta property=\"og:image:type\" content=\"image\/webp\" \/>\n<meta name=\"twitter:card\" content=\"summary_large_image\" \/>\n<meta name=\"twitter:label1\" content=\"Szacowany czas czytania\" \/>\n\t<meta name=\"twitter:data1\" content=\"2 minuty\" \/>\n<script type=\"application\/ld+json\" class=\"yoast-schema-graph\">{\"@context\":\"https:\/\/schema.org\",\"@graph\":[{\"@type\":\"WebPage\",\"@id\":\"https:\/\/creatilaw.pl\/index.php\/prawo-bankowe\/\",\"url\":\"https:\/\/creatilaw.pl\/index.php\/prawo-bankowe\/\",\"name\":\"Prawo bankowe - GTG CreatiLaw\",\"isPartOf\":{\"@id\":\"https:\/\/creatilaw.pl\/#website\"},\"primaryImageOfPage\":{\"@id\":\"https:\/\/creatilaw.pl\/index.php\/prawo-bankowe\/#primaryimage\"},\"image\":{\"@id\":\"https:\/\/creatilaw.pl\/index.php\/prawo-bankowe\/#primaryimage\"},\"thumbnailUrl\":\"https:\/\/creatilaw.pl\/wp-content\/uploads\/2026\/02\/bankowe-e1771973814345.webp\",\"datePublished\":\"2026-01-10T16:16:19+00:00\",\"dateModified\":\"2026-02-24T22:57:16+00:00\",\"description\":\"Prawo bankowe - GTG CreatiLaw - Wsparcie w sporach z bankami: kredyty frankowe, kredyty z\u0142ot\u00f3wkowe \u2013 WIBOR, sekcja kredytu darmowego (SDK)\",\"inLanguage\":\"pl-PL\",\"potentialAction\":[{\"@type\":\"ReadAction\",\"target\":[\"https:\/\/creatilaw.pl\/index.php\/prawo-bankowe\/\"]}]},{\"@type\":\"ImageObject\",\"inLanguage\":\"pl-PL\",\"@id\":\"https:\/\/creatilaw.pl\/index.php\/prawo-bankowe\/#primaryimage\",\"url\":\"https:\/\/creatilaw.pl\/wp-content\/uploads\/2026\/02\/bankowe-e1771973814345.webp\",\"contentUrl\":\"https:\/\/creatilaw.pl\/wp-content\/uploads\/2026\/02\/bankowe-e1771973814345.webp\",\"width\":2560,\"height\":994,\"caption\":\"Prawo bankowe - GTG CreatiLaw kredyty z\u0142ot\u00f3wkowe frankowe sankcja kredytu darmowego Lublin, Warszawa, Ca\u0142a Polska\"},{\"@type\":\"WebSite\",\"@id\":\"https:\/\/creatilaw.pl\/#website\",\"url\":\"https:\/\/creatilaw.pl\/\",\"name\":\"\",\"description\":\"\",\"potentialAction\":[{\"@type\":\"SearchAction\",\"target\":{\"@type\":\"EntryPoint\",\"urlTemplate\":\"https:\/\/creatilaw.pl\/?s={search_term_string}\"},\"query-input\":{\"@type\":\"PropertyValueSpecification\",\"valueRequired\":true,\"valueName\":\"search_term_string\"}}],\"inLanguage\":\"pl-PL\"}]}<\/script>\n<!-- \/ Yoast SEO plugin. -->","yoast_head_json":{"title":"Prawo bankowe - GTG CreatiLaw","description":"Prawo bankowe - GTG CreatiLaw - Wsparcie w sporach z bankami: kredyty frankowe, kredyty z\u0142ot\u00f3wkowe \u2013 WIBOR, sekcja kredytu darmowego (SDK)","robots":{"index":"index","follow":"follow","max-snippet":"max-snippet:-1","max-image-preview":"max-image-preview:large","max-video-preview":"max-video-preview:-1"},"canonical":"https:\/\/creatilaw.pl\/index.php\/prawo-bankowe\/","og_locale":"pl_PL","og_type":"article","og_title":"Prawo bankowe - GTG CreatiLaw","og_description":"Prawo bankowe - GTG CreatiLaw - Wsparcie w sporach z bankami: kredyty frankowe, kredyty z\u0142ot\u00f3wkowe \u2013 WIBOR, sekcja kredytu darmowego (SDK)","og_url":"https:\/\/creatilaw.pl\/index.php\/prawo-bankowe\/","article_modified_time":"2026-02-24T22:57:16+00:00","og_image":[{"width":2560,"height":994,"url":"https:\/\/creatilaw.pl\/wp-content\/uploads\/2026\/02\/bankowe-e1771973814345.webp","type":"image\/webp"}],"twitter_card":"summary_large_image","twitter_misc":{"Szacowany czas czytania":"2 minuty"},"schema":{"@context":"https:\/\/schema.org","@graph":[{"@type":"WebPage","@id":"https:\/\/creatilaw.pl\/index.php\/prawo-bankowe\/","url":"https:\/\/creatilaw.pl\/index.php\/prawo-bankowe\/","name":"Prawo bankowe - GTG CreatiLaw","isPartOf":{"@id":"https:\/\/creatilaw.pl\/#website"},"primaryImageOfPage":{"@id":"https:\/\/creatilaw.pl\/index.php\/prawo-bankowe\/#primaryimage"},"image":{"@id":"https:\/\/creatilaw.pl\/index.php\/prawo-bankowe\/#primaryimage"},"thumbnailUrl":"https:\/\/creatilaw.pl\/wp-content\/uploads\/2026\/02\/bankowe-e1771973814345.webp","datePublished":"2026-01-10T16:16:19+00:00","dateModified":"2026-02-24T22:57:16+00:00","description":"Prawo bankowe - GTG CreatiLaw - Wsparcie w sporach z bankami: kredyty frankowe, kredyty z\u0142ot\u00f3wkowe \u2013 WIBOR, sekcja kredytu darmowego (SDK)","inLanguage":"pl-PL","potentialAction":[{"@type":"ReadAction","target":["https:\/\/creatilaw.pl\/index.php\/prawo-bankowe\/"]}]},{"@type":"ImageObject","inLanguage":"pl-PL","@id":"https:\/\/creatilaw.pl\/index.php\/prawo-bankowe\/#primaryimage","url":"https:\/\/creatilaw.pl\/wp-content\/uploads\/2026\/02\/bankowe-e1771973814345.webp","contentUrl":"https:\/\/creatilaw.pl\/wp-content\/uploads\/2026\/02\/bankowe-e1771973814345.webp","width":2560,"height":994,"caption":"Prawo bankowe - GTG CreatiLaw kredyty z\u0142ot\u00f3wkowe frankowe sankcja kredytu darmowego Lublin, Warszawa, Ca\u0142a Polska"},{"@type":"WebSite","@id":"https:\/\/creatilaw.pl\/#website","url":"https:\/\/creatilaw.pl\/","name":"","description":"","potentialAction":[{"@type":"SearchAction","target":{"@type":"EntryPoint","urlTemplate":"https:\/\/creatilaw.pl\/?s={search_term_string}"},"query-input":{"@type":"PropertyValueSpecification","valueRequired":true,"valueName":"search_term_string"}}],"inLanguage":"pl-PL"}]}},"_links":{"self":[{"href":"https:\/\/creatilaw.pl\/index.php\/wp-json\/wp\/v2\/pages\/312","targetHints":{"allow":["GET"]}}],"collection":[{"href":"https:\/\/creatilaw.pl\/index.php\/wp-json\/wp\/v2\/pages"}],"about":[{"href":"https:\/\/creatilaw.pl\/index.php\/wp-json\/wp\/v2\/types\/page"}],"author":[{"embeddable":true,"href":"https:\/\/creatilaw.pl\/index.php\/wp-json\/wp\/v2\/users\/1"}],"replies":[{"embeddable":true,"href":"https:\/\/creatilaw.pl\/index.php\/wp-json\/wp\/v2\/comments?post=312"}],"version-history":[{"count":30,"href":"https:\/\/creatilaw.pl\/index.php\/wp-json\/wp\/v2\/pages\/312\/revisions"}],"predecessor-version":[{"id":1111,"href":"https:\/\/creatilaw.pl\/index.php\/wp-json\/wp\/v2\/pages\/312\/revisions\/1111"}],"wp:featuredmedia":[{"embeddable":true,"href":"https:\/\/creatilaw.pl\/index.php\/wp-json\/wp\/v2\/media\/1087"}],"wp:attachment":[{"href":"https:\/\/creatilaw.pl\/index.php\/wp-json\/wp\/v2\/media?parent=312"}],"curies":[{"name":"wp","href":"https:\/\/api.w.org\/{rel}","templated":true}]}}