{"id":316,"date":"2026-01-10T17:18:45","date_gmt":"2026-01-10T16:18:45","guid":{"rendered":"http:\/\/serwer2502930.home.pl\/autoinstalator\/wordpressplugins\/index.php\/obsluga-przedsiebiorcow\/"},"modified":"2026-01-25T12:10:36","modified_gmt":"2026-01-25T11:10:36","slug":"tresc-obsluga-przedsiebiorcow","status":"publish","type":"page","link":"https:\/\/creatilaw.pl\/index.php\/tresc-obsluga-przedsiebiorcow\/","title":{"rendered":"tresc &#8211; Obs\u0142uga przedsi\u0119biorc\u00f3w"},"content":{"rendered":"\n<p><\/p>\n\n\n\n<p><strong>Obs\u0142uga przedsi\u0119biorc\u00f3w<\/strong><br>Oferujemy obs\u0142ug\u0119 prawn\u0105 sp\u00f3\u0142ek osobowych, kapita\u0142owych oraz os\u00f3b fizycznych prowadz\u0105cych dzia\u0142alno\u015b\u0107 gospodarcz\u0105.<br>Obs\u0142uga korporacyjna<br>Oferujemy wsparcie przy wprowadzaniu zmian w KRS, przygotowaniu kompleksowej dokumentacji korporacyjnej, w tym m.in. protoko\u0142\u00f3w zgromadze\u0144, uchwa\u0142 organ\u00f3w sp\u00f3\u0142ek. Opracowujemy regulaminy i\u00a0procedury wewn\u0119trzne dostosowane do specyfiki biznesu.<br><br><strong>Umowy<\/strong><br>Oferujemy wsparcie w przygotowaniu um\u00f3w, a tak\u017ce ich negocjowaniu &#8211; na ka\u017cdym etapie rozm\u00f3w z kontrahentem.<br><strong>spory gospodarcze<\/strong><br>Reprezentujemy przedsi\u0119biorc\u00f3w w sporach gospodarczych, prowadz\u0105c sprawy zar\u00f3wno na etapie przeds\u0105dowym, w mediacjach i negocjacjach, jak r\u00f3wnie\u017c w trakcie proces\u00f3w s\u0105dowych. \u0141\u0105czymy strategiczne podej\u015bcie ze znajomo\u015bci\u0105 procedury s\u0105dowej. Chronimy tak\u017ce przed nieuczciw\u0105 konkurencj\u0105, skutecznie broni\u0105c pozycji rynkowej firm.<br><strong>Prawo pracy w\u00a0firmie<\/strong><br>Oferujemy wsparcie w opracowywaniu um\u00f3w pracy, a tak\u017ce um\u00f3w cywilnoprawnych ze wsp\u00f3\u0142pracownikami. &#8211; Doradzamy w\u00a0sprawach pracowniczych, oferujemy r\u00f3wnie\u017c reprezentacj\u0119 w\u00a0sporach pracowniczych. Przygotowujemy tak\u017ce regulaminy i procedury pracownicze, dostosowane do bran\u017cy Klienta.<br><strong>Compliance<\/strong><br>Zapewniamy kompleksowe wsparcie we wdra\u017caniu program\u00f3w compliance w firmie. Dostosowujemy rozwi\u0105zania do specyfiki bran\u017cy i wielko\u015bci przedsi\u0119biorstwa. Oferujemy tak\u017ce monitoring prawny &#8211; \u015bledz\u0105c zmiany prawne, pomagamy dostosowa\u0107 Klient\u00f3w do nowych wymog\u00f3w.<br><strong>Bie\u017c\u0105ce doradztwo prawne<\/strong><br>Oferujemy wsparcie w rozwi\u0105zywaniu bie\u017c\u0105cych problem\u00f3w prawnych.<br><br>W ramach wsp\u00f3\u0142pracy oferuje zar\u00f3wno sta\u0142e doradztwo, jak i jednorazow\u0105 pomoc prawn\u0105.<\/p>\n","protected":false},"excerpt":{"rendered":"<p>Obs\u0142uga przedsi\u0119biorc\u00f3wOferujemy obs\u0142ug\u0119 prawn\u0105 sp\u00f3\u0142ek osobowych, kapita\u0142owych oraz os\u00f3b fizycznych prowadz\u0105cych dzia\u0142alno\u015b\u0107 gospodarcz\u0105.Obs\u0142uga korporacyjnaOferujemy wsparcie przy wprowadzaniu zmian w KRS, przygotowaniu kompleksowej dokumentacji korporacyjnej, w tym m.in. protoko\u0142\u00f3w zgromadze\u0144, uchwa\u0142 organ\u00f3w sp\u00f3\u0142ek. Opracowujemy regulaminy i\u00a0procedury wewn\u0119trzne dostosowane do specyfiki biznesu. UmowyOferujemy wsparcie w przygotowaniu um\u00f3w, a tak\u017ce ich negocjowaniu &#8211; na ka\u017cdym etapie rozm\u00f3w z &#8230; <a title=\"tresc &#8211; Obs\u0142uga przedsi\u0119biorc\u00f3w\" class=\"read-more\" href=\"https:\/\/creatilaw.pl\/index.php\/tresc-obsluga-przedsiebiorcow\/\" aria-label=\"Dowiedz si\u0119 wi\u0119cej o tresc &#8211; Obs\u0142uga przedsi\u0119biorc\u00f3w\">Dowiedz si\u0119 wi\u0119cej<\/a><\/p>\n","protected":false},"author":1,"featured_media":0,"parent":0,"menu_order":0,"comment_status":"closed","ping_status":"closed","template":"","meta":{"footnotes":""},"class_list":["post-316","page","type-page","status-publish"],"yoast_head":"<!-- This site is optimized with the Yoast SEO plugin v26.4 - https:\/\/yoast.com\/wordpress\/plugins\/seo\/ -->\n<title>tresc - Obs\u0142uga przedsi\u0119biorc\u00f3w -<\/title>\n<meta name=\"robots\" content=\"index, follow, max-snippet:-1, max-image-preview:large, max-video-preview:-1\" \/>\n<link rel=\"canonical\" href=\"https:\/\/creatilaw.pl\/index.php\/tresc-obsluga-przedsiebiorcow\/\" \/>\n<meta property=\"og:locale\" content=\"pl_PL\" \/>\n<meta property=\"og:type\" content=\"article\" \/>\n<meta property=\"og:title\" content=\"tresc - Obs\u0142uga przedsi\u0119biorc\u00f3w -\" \/>\n<meta property=\"og:description\" content=\"Obs\u0142uga przedsi\u0119biorc\u00f3wOferujemy obs\u0142ug\u0119 prawn\u0105 sp\u00f3\u0142ek osobowych, kapita\u0142owych oraz os\u00f3b fizycznych prowadz\u0105cych dzia\u0142alno\u015b\u0107 gospodarcz\u0105.Obs\u0142uga korporacyjnaOferujemy wsparcie przy wprowadzaniu zmian w KRS, przygotowaniu kompleksowej dokumentacji korporacyjnej, w tym m.in. protoko\u0142\u00f3w zgromadze\u0144, uchwa\u0142 organ\u00f3w sp\u00f3\u0142ek. Opracowujemy regulaminy i\u00a0procedury wewn\u0119trzne dostosowane do specyfiki biznesu. UmowyOferujemy wsparcie w przygotowaniu um\u00f3w, a tak\u017ce ich negocjowaniu &#8211; na ka\u017cdym etapie rozm\u00f3w z ... Dowiedz si\u0119 wi\u0119cej\" \/>\n<meta property=\"og:url\" content=\"https:\/\/creatilaw.pl\/index.php\/tresc-obsluga-przedsiebiorcow\/\" \/>\n<meta property=\"article:modified_time\" content=\"2026-01-25T11:10:36+00:00\" \/>\n<meta name=\"twitter:card\" content=\"summary_large_image\" \/>\n<meta name=\"twitter:label1\" content=\"Szacowany czas czytania\" \/>\n\t<meta name=\"twitter:data1\" content=\"2 minuty\" \/>\n<script type=\"application\/ld+json\" class=\"yoast-schema-graph\">{\"@context\":\"https:\/\/schema.org\",\"@graph\":[{\"@type\":\"WebPage\",\"@id\":\"https:\/\/creatilaw.pl\/index.php\/tresc-obsluga-przedsiebiorcow\/\",\"url\":\"https:\/\/creatilaw.pl\/index.php\/tresc-obsluga-przedsiebiorcow\/\",\"name\":\"tresc - Obs\u0142uga przedsi\u0119biorc\u00f3w -\",\"isPartOf\":{\"@id\":\"https:\/\/creatilaw.pl\/#website\"},\"datePublished\":\"2026-01-10T16:18:45+00:00\",\"dateModified\":\"2026-01-25T11:10:36+00:00\",\"breadcrumb\":{\"@id\":\"https:\/\/creatilaw.pl\/index.php\/tresc-obsluga-przedsiebiorcow\/#breadcrumb\"},\"inLanguage\":\"pl-PL\",\"potentialAction\":[{\"@type\":\"ReadAction\",\"target\":[\"https:\/\/creatilaw.pl\/index.php\/tresc-obsluga-przedsiebiorcow\/\"]}]},{\"@type\":\"BreadcrumbList\",\"@id\":\"https:\/\/creatilaw.pl\/index.php\/tresc-obsluga-przedsiebiorcow\/#breadcrumb\",\"itemListElement\":[{\"@type\":\"ListItem\",\"position\":1,\"name\":\"Home\",\"item\":\"https:\/\/creatilaw.pl\/\"},{\"@type\":\"ListItem\",\"position\":2,\"name\":\"tresc &#8211; Obs\u0142uga przedsi\u0119biorc\u00f3w\"}]},{\"@type\":\"WebSite\",\"@id\":\"https:\/\/creatilaw.pl\/#website\",\"url\":\"https:\/\/creatilaw.pl\/\",\"name\":\"\",\"description\":\"\",\"potentialAction\":[{\"@type\":\"SearchAction\",\"target\":{\"@type\":\"EntryPoint\",\"urlTemplate\":\"https:\/\/creatilaw.pl\/?s={search_term_string}\"},\"query-input\":{\"@type\":\"PropertyValueSpecification\",\"valueRequired\":true,\"valueName\":\"search_term_string\"}}],\"inLanguage\":\"pl-PL\"}]}<\/script>\n<!-- \/ Yoast SEO plugin. -->","yoast_head_json":{"title":"tresc - Obs\u0142uga przedsi\u0119biorc\u00f3w -","robots":{"index":"index","follow":"follow","max-snippet":"max-snippet:-1","max-image-preview":"max-image-preview:large","max-video-preview":"max-video-preview:-1"},"canonical":"https:\/\/creatilaw.pl\/index.php\/tresc-obsluga-przedsiebiorcow\/","og_locale":"pl_PL","og_type":"article","og_title":"tresc - Obs\u0142uga przedsi\u0119biorc\u00f3w -","og_description":"Obs\u0142uga przedsi\u0119biorc\u00f3wOferujemy obs\u0142ug\u0119 prawn\u0105 sp\u00f3\u0142ek osobowych, kapita\u0142owych oraz os\u00f3b fizycznych prowadz\u0105cych dzia\u0142alno\u015b\u0107 gospodarcz\u0105.Obs\u0142uga korporacyjnaOferujemy wsparcie przy wprowadzaniu zmian w KRS, przygotowaniu kompleksowej dokumentacji korporacyjnej, w tym m.in. protoko\u0142\u00f3w zgromadze\u0144, uchwa\u0142 organ\u00f3w sp\u00f3\u0142ek. Opracowujemy regulaminy i\u00a0procedury wewn\u0119trzne dostosowane do specyfiki biznesu. UmowyOferujemy wsparcie w przygotowaniu um\u00f3w, a tak\u017ce ich negocjowaniu &#8211; na ka\u017cdym etapie rozm\u00f3w z ... Dowiedz si\u0119 wi\u0119cej","og_url":"https:\/\/creatilaw.pl\/index.php\/tresc-obsluga-przedsiebiorcow\/","article_modified_time":"2026-01-25T11:10:36+00:00","twitter_card":"summary_large_image","twitter_misc":{"Szacowany czas czytania":"2 minuty"},"schema":{"@context":"https:\/\/schema.org","@graph":[{"@type":"WebPage","@id":"https:\/\/creatilaw.pl\/index.php\/tresc-obsluga-przedsiebiorcow\/","url":"https:\/\/creatilaw.pl\/index.php\/tresc-obsluga-przedsiebiorcow\/","name":"tresc - Obs\u0142uga przedsi\u0119biorc\u00f3w -","isPartOf":{"@id":"https:\/\/creatilaw.pl\/#website"},"datePublished":"2026-01-10T16:18:45+00:00","dateModified":"2026-01-25T11:10:36+00:00","breadcrumb":{"@id":"https:\/\/creatilaw.pl\/index.php\/tresc-obsluga-przedsiebiorcow\/#breadcrumb"},"inLanguage":"pl-PL","potentialAction":[{"@type":"ReadAction","target":["https:\/\/creatilaw.pl\/index.php\/tresc-obsluga-przedsiebiorcow\/"]}]},{"@type":"BreadcrumbList","@id":"https:\/\/creatilaw.pl\/index.php\/tresc-obsluga-przedsiebiorcow\/#breadcrumb","itemListElement":[{"@type":"ListItem","position":1,"name":"Home","item":"https:\/\/creatilaw.pl\/"},{"@type":"ListItem","position":2,"name":"tresc &#8211; Obs\u0142uga przedsi\u0119biorc\u00f3w"}]},{"@type":"WebSite","@id":"https:\/\/creatilaw.pl\/#website","url":"https:\/\/creatilaw.pl\/","name":"","description":"","potentialAction":[{"@type":"SearchAction","target":{"@type":"EntryPoint","urlTemplate":"https:\/\/creatilaw.pl\/?s={search_term_string}"},"query-input":{"@type":"PropertyValueSpecification","valueRequired":true,"valueName":"search_term_string"}}],"inLanguage":"pl-PL"}]}},"_links":{"self":[{"href":"https:\/\/creatilaw.pl\/index.php\/wp-json\/wp\/v2\/pages\/316","targetHints":{"allow":["GET"]}}],"collection":[{"href":"https:\/\/creatilaw.pl\/index.php\/wp-json\/wp\/v2\/pages"}],"about":[{"href":"https:\/\/creatilaw.pl\/index.php\/wp-json\/wp\/v2\/types\/page"}],"author":[{"embeddable":true,"href":"https:\/\/creatilaw.pl\/index.php\/wp-json\/wp\/v2\/users\/1"}],"replies":[{"embeddable":true,"href":"https:\/\/creatilaw.pl\/index.php\/wp-json\/wp\/v2\/comments?post=316"}],"version-history":[{"count":7,"href":"https:\/\/creatilaw.pl\/index.php\/wp-json\/wp\/v2\/pages\/316\/revisions"}],"predecessor-version":[{"id":817,"href":"https:\/\/creatilaw.pl\/index.php\/wp-json\/wp\/v2\/pages\/316\/revisions\/817"}],"wp:attachment":[{"href":"https:\/\/creatilaw.pl\/index.php\/wp-json\/wp\/v2\/media?parent=316"}],"curies":[{"name":"wp","href":"https:\/\/api.w.org\/{rel}","templated":true}]}}