{"id":318,"date":"2026-01-10T17:19:14","date_gmt":"2026-01-10T16:19:14","guid":{"rendered":"http:\/\/serwer2502930.home.pl\/autoinstalator\/wordpressplugins\/index.php\/start-up\/"},"modified":"2026-01-23T20:56:08","modified_gmt":"2026-01-23T19:56:08","slug":"tresc-start-up","status":"publish","type":"page","link":"https:\/\/creatilaw.pl\/index.php\/tresc-start-up\/","title":{"rendered":"tresc &#8211; START-UP"},"content":{"rendered":"\n<p>Wspieramy start-upy na ka\u017cdym etapie rozwoju \u2013 od pomys\u0142u, przez budowanie struktury biznesowej, a\u017c po jego uruchomienie. Rozumiemy, \u017ce w \u015bwiecie innowacji liczy si\u0119 szybko\u015b\u0107 dzia\u0142ania, elastyczno\u015b\u0107 i bezpiecze\u0144stwo prawne.<\/p>\n\n\n\n<p>Pomagamy w wyborze odpowiedniej formy dzia\u0142alno\u015bci, przygotowaniu um\u00f3w za\u0142o\u017cycielskich i inwestycyjnych, ochronie w\u0142asno\u015bci intelektualnej, regulaminach serwis\u00f3w i aplikacji, a tak\u017ce w negocjacjach z inwestorami i partnerami biznesowymi.<\/p>\n\n\n\n<p>Naszym celem jest umo\u017cliwienie przedsi\u0119biorcom skupienia si\u0119 na rozwoju produktu \u2013 z pewno\u015bci\u0105, \u017ce kwestie prawne s\u0105 w najlepszych r\u0119kach. \u0141\u0105czymy wiedz\u0119 prawnicz\u0105 ze zrozumieniem reali\u00f3w rynku technologicznego i cyfrowej gospodarki.<\/p>\n\n\n\n<p><\/p>\n","protected":false},"excerpt":{"rendered":"<p>Wspieramy start-upy na ka\u017cdym etapie rozwoju \u2013 od pomys\u0142u, przez budowanie struktury biznesowej, a\u017c po jego uruchomienie. Rozumiemy, \u017ce w \u015bwiecie innowacji liczy si\u0119 szybko\u015b\u0107 dzia\u0142ania, elastyczno\u015b\u0107 i bezpiecze\u0144stwo prawne. Pomagamy w wyborze odpowiedniej formy dzia\u0142alno\u015bci, przygotowaniu um\u00f3w za\u0142o\u017cycielskich i inwestycyjnych, ochronie w\u0142asno\u015bci intelektualnej, regulaminach serwis\u00f3w i aplikacji, a tak\u017ce w negocjacjach z inwestorami i &#8230; <a title=\"tresc &#8211; START-UP\" class=\"read-more\" href=\"https:\/\/creatilaw.pl\/index.php\/tresc-start-up\/\" aria-label=\"Dowiedz si\u0119 wi\u0119cej o tresc &#8211; START-UP\">Dowiedz si\u0119 wi\u0119cej<\/a><\/p>\n","protected":false},"author":1,"featured_media":0,"parent":0,"menu_order":0,"comment_status":"closed","ping_status":"closed","template":"","meta":{"footnotes":""},"class_list":["post-318","page","type-page","status-publish"],"yoast_head":"<!-- This site is optimized with the Yoast SEO plugin v26.4 - https:\/\/yoast.com\/wordpress\/plugins\/seo\/ -->\n<title>tresc - START-UP -<\/title>\n<meta name=\"robots\" content=\"index, follow, max-snippet:-1, max-image-preview:large, max-video-preview:-1\" \/>\n<link rel=\"canonical\" href=\"https:\/\/creatilaw.pl\/index.php\/tresc-start-up\/\" \/>\n<meta property=\"og:locale\" content=\"pl_PL\" \/>\n<meta property=\"og:type\" content=\"article\" \/>\n<meta property=\"og:title\" content=\"tresc - START-UP -\" \/>\n<meta property=\"og:description\" content=\"Wspieramy start-upy na ka\u017cdym etapie rozwoju \u2013 od pomys\u0142u, przez budowanie struktury biznesowej, a\u017c po jego uruchomienie. Rozumiemy, \u017ce w \u015bwiecie innowacji liczy si\u0119 szybko\u015b\u0107 dzia\u0142ania, elastyczno\u015b\u0107 i bezpiecze\u0144stwo prawne. Pomagamy w wyborze odpowiedniej formy dzia\u0142alno\u015bci, przygotowaniu um\u00f3w za\u0142o\u017cycielskich i inwestycyjnych, ochronie w\u0142asno\u015bci intelektualnej, regulaminach serwis\u00f3w i aplikacji, a tak\u017ce w negocjacjach z inwestorami i ... Dowiedz si\u0119 wi\u0119cej\" \/>\n<meta property=\"og:url\" content=\"https:\/\/creatilaw.pl\/index.php\/tresc-start-up\/\" \/>\n<meta property=\"article:modified_time\" content=\"2026-01-23T19:56:08+00:00\" \/>\n<meta name=\"twitter:card\" content=\"summary_large_image\" \/>\n<meta name=\"twitter:label1\" content=\"Szacowany czas czytania\" \/>\n\t<meta name=\"twitter:data1\" content=\"1 minuta\" \/>\n<script type=\"application\/ld+json\" class=\"yoast-schema-graph\">{\"@context\":\"https:\/\/schema.org\",\"@graph\":[{\"@type\":\"WebPage\",\"@id\":\"https:\/\/creatilaw.pl\/index.php\/tresc-start-up\/\",\"url\":\"https:\/\/creatilaw.pl\/index.php\/tresc-start-up\/\",\"name\":\"tresc - START-UP -\",\"isPartOf\":{\"@id\":\"https:\/\/creatilaw.pl\/#website\"},\"datePublished\":\"2026-01-10T16:19:14+00:00\",\"dateModified\":\"2026-01-23T19:56:08+00:00\",\"breadcrumb\":{\"@id\":\"https:\/\/creatilaw.pl\/index.php\/tresc-start-up\/#breadcrumb\"},\"inLanguage\":\"pl-PL\",\"potentialAction\":[{\"@type\":\"ReadAction\",\"target\":[\"https:\/\/creatilaw.pl\/index.php\/tresc-start-up\/\"]}]},{\"@type\":\"BreadcrumbList\",\"@id\":\"https:\/\/creatilaw.pl\/index.php\/tresc-start-up\/#breadcrumb\",\"itemListElement\":[{\"@type\":\"ListItem\",\"position\":1,\"name\":\"Home\",\"item\":\"https:\/\/creatilaw.pl\/\"},{\"@type\":\"ListItem\",\"position\":2,\"name\":\"tresc &#8211; START-UP\"}]},{\"@type\":\"WebSite\",\"@id\":\"https:\/\/creatilaw.pl\/#website\",\"url\":\"https:\/\/creatilaw.pl\/\",\"name\":\"\",\"description\":\"\",\"potentialAction\":[{\"@type\":\"SearchAction\",\"target\":{\"@type\":\"EntryPoint\",\"urlTemplate\":\"https:\/\/creatilaw.pl\/?s={search_term_string}\"},\"query-input\":{\"@type\":\"PropertyValueSpecification\",\"valueRequired\":true,\"valueName\":\"search_term_string\"}}],\"inLanguage\":\"pl-PL\"}]}<\/script>\n<!-- \/ Yoast SEO plugin. -->","yoast_head_json":{"title":"tresc - START-UP -","robots":{"index":"index","follow":"follow","max-snippet":"max-snippet:-1","max-image-preview":"max-image-preview:large","max-video-preview":"max-video-preview:-1"},"canonical":"https:\/\/creatilaw.pl\/index.php\/tresc-start-up\/","og_locale":"pl_PL","og_type":"article","og_title":"tresc - START-UP -","og_description":"Wspieramy start-upy na ka\u017cdym etapie rozwoju \u2013 od pomys\u0142u, przez budowanie struktury biznesowej, a\u017c po jego uruchomienie. Rozumiemy, \u017ce w \u015bwiecie innowacji liczy si\u0119 szybko\u015b\u0107 dzia\u0142ania, elastyczno\u015b\u0107 i bezpiecze\u0144stwo prawne. Pomagamy w wyborze odpowiedniej formy dzia\u0142alno\u015bci, przygotowaniu um\u00f3w za\u0142o\u017cycielskich i inwestycyjnych, ochronie w\u0142asno\u015bci intelektualnej, regulaminach serwis\u00f3w i aplikacji, a tak\u017ce w negocjacjach z inwestorami i ... Dowiedz si\u0119 wi\u0119cej","og_url":"https:\/\/creatilaw.pl\/index.php\/tresc-start-up\/","article_modified_time":"2026-01-23T19:56:08+00:00","twitter_card":"summary_large_image","twitter_misc":{"Szacowany czas czytania":"1 minuta"},"schema":{"@context":"https:\/\/schema.org","@graph":[{"@type":"WebPage","@id":"https:\/\/creatilaw.pl\/index.php\/tresc-start-up\/","url":"https:\/\/creatilaw.pl\/index.php\/tresc-start-up\/","name":"tresc - START-UP -","isPartOf":{"@id":"https:\/\/creatilaw.pl\/#website"},"datePublished":"2026-01-10T16:19:14+00:00","dateModified":"2026-01-23T19:56:08+00:00","breadcrumb":{"@id":"https:\/\/creatilaw.pl\/index.php\/tresc-start-up\/#breadcrumb"},"inLanguage":"pl-PL","potentialAction":[{"@type":"ReadAction","target":["https:\/\/creatilaw.pl\/index.php\/tresc-start-up\/"]}]},{"@type":"BreadcrumbList","@id":"https:\/\/creatilaw.pl\/index.php\/tresc-start-up\/#breadcrumb","itemListElement":[{"@type":"ListItem","position":1,"name":"Home","item":"https:\/\/creatilaw.pl\/"},{"@type":"ListItem","position":2,"name":"tresc &#8211; START-UP"}]},{"@type":"WebSite","@id":"https:\/\/creatilaw.pl\/#website","url":"https:\/\/creatilaw.pl\/","name":"","description":"","potentialAction":[{"@type":"SearchAction","target":{"@type":"EntryPoint","urlTemplate":"https:\/\/creatilaw.pl\/?s={search_term_string}"},"query-input":{"@type":"PropertyValueSpecification","valueRequired":true,"valueName":"search_term_string"}}],"inLanguage":"pl-PL"}]}},"_links":{"self":[{"href":"https:\/\/creatilaw.pl\/index.php\/wp-json\/wp\/v2\/pages\/318","targetHints":{"allow":["GET"]}}],"collection":[{"href":"https:\/\/creatilaw.pl\/index.php\/wp-json\/wp\/v2\/pages"}],"about":[{"href":"https:\/\/creatilaw.pl\/index.php\/wp-json\/wp\/v2\/types\/page"}],"author":[{"embeddable":true,"href":"https:\/\/creatilaw.pl\/index.php\/wp-json\/wp\/v2\/users\/1"}],"replies":[{"embeddable":true,"href":"https:\/\/creatilaw.pl\/index.php\/wp-json\/wp\/v2\/comments?post=318"}],"version-history":[{"count":10,"href":"https:\/\/creatilaw.pl\/index.php\/wp-json\/wp\/v2\/pages\/318\/revisions"}],"predecessor-version":[{"id":758,"href":"https:\/\/creatilaw.pl\/index.php\/wp-json\/wp\/v2\/pages\/318\/revisions\/758"}],"wp:attachment":[{"href":"https:\/\/creatilaw.pl\/index.php\/wp-json\/wp\/v2\/media?parent=318"}],"curies":[{"name":"wp","href":"https:\/\/api.w.org\/{rel}","templated":true}]}}