{"id":319,"date":"2026-01-10T17:19:32","date_gmt":"2026-01-10T16:19:32","guid":{"rendered":"http:\/\/serwer2502930.home.pl\/autoinstalator\/wordpressplugins\/index.php\/windykacja-naleznosci\/"},"modified":"2026-01-27T18:01:47","modified_gmt":"2026-01-27T17:01:47","slug":"tresc-windykacja-naleznosci","status":"publish","type":"page","link":"https:\/\/creatilaw.pl\/index.php\/tresc-windykacja-naleznosci\/","title":{"rendered":"tresc &#8211; Windykacja nale\u017cno\u015bci"},"content":{"rendered":"\n<p>Reprezentujemy przedsi\u0119biorc\u00f3w i klient\u00f3w indywidualnych w procesach windykacji nale\u017cno\u015bci, od etapu polubownego po egzekucj\u0119 s\u0105dow\u0105 i komornicz\u0105, skutecznie odzyskuj\u0105c nale\u017cno\u015bci pieni\u0119\u017cne. Prowadzimy analiz\u0119 stanu zad\u0142u\u017cenia, przygotowujemy wezwania do zap\u0142aty, negocjujemy ugody oraz wyst\u0119pujemy z pozwami w post\u0119powaniach nakazowych i upominawczych, minimalizuj\u0105c koszty i czas post\u0119powania. Nasze wsparcie obejmuje monitoring termin\u00f3w p\u0142atno\u015bci, zabezpieczanie roszcze\u0144 oraz egzekucj\u0119 komornicz\u0105, z naciskiem na maksymalizacj\u0119 odzyskanych kwot przy ochronie interes\u00f3w wierzyciela przed zarzutami przedawnienia czy zarzutami wzajemnymi d\u0142u\u017cnika.<\/p>\n","protected":false},"excerpt":{"rendered":"<p>Reprezentujemy przedsi\u0119biorc\u00f3w i klient\u00f3w indywidualnych w procesach windykacji nale\u017cno\u015bci, od etapu polubownego po egzekucj\u0119 s\u0105dow\u0105 i komornicz\u0105, skutecznie odzyskuj\u0105c nale\u017cno\u015bci pieni\u0119\u017cne. Prowadzimy analiz\u0119 stanu zad\u0142u\u017cenia, przygotowujemy wezwania do zap\u0142aty, negocjujemy ugody oraz wyst\u0119pujemy z pozwami w post\u0119powaniach nakazowych i upominawczych, minimalizuj\u0105c koszty i czas post\u0119powania. Nasze wsparcie obejmuje monitoring termin\u00f3w p\u0142atno\u015bci, zabezpieczanie roszcze\u0144 oraz egzekucj\u0119 &#8230; <a title=\"tresc &#8211; Windykacja nale\u017cno\u015bci\" class=\"read-more\" href=\"https:\/\/creatilaw.pl\/index.php\/tresc-windykacja-naleznosci\/\" aria-label=\"Dowiedz si\u0119 wi\u0119cej o tresc &#8211; Windykacja nale\u017cno\u015bci\">Dowiedz si\u0119 wi\u0119cej<\/a><\/p>\n","protected":false},"author":1,"featured_media":0,"parent":0,"menu_order":0,"comment_status":"closed","ping_status":"closed","template":"","meta":{"footnotes":""},"class_list":["post-319","page","type-page","status-publish"],"yoast_head":"<!-- This site is optimized with the Yoast SEO plugin v26.4 - https:\/\/yoast.com\/wordpress\/plugins\/seo\/ -->\n<title>tresc - Windykacja nale\u017cno\u015bci -<\/title>\n<meta name=\"robots\" content=\"index, follow, max-snippet:-1, max-image-preview:large, max-video-preview:-1\" \/>\n<link rel=\"canonical\" href=\"https:\/\/creatilaw.pl\/index.php\/tresc-windykacja-naleznosci\/\" \/>\n<meta property=\"og:locale\" content=\"pl_PL\" \/>\n<meta property=\"og:type\" content=\"article\" \/>\n<meta property=\"og:title\" content=\"tresc - Windykacja nale\u017cno\u015bci -\" \/>\n<meta property=\"og:description\" content=\"Reprezentujemy przedsi\u0119biorc\u00f3w i klient\u00f3w indywidualnych w procesach windykacji nale\u017cno\u015bci, od etapu polubownego po egzekucj\u0119 s\u0105dow\u0105 i komornicz\u0105, skutecznie odzyskuj\u0105c nale\u017cno\u015bci pieni\u0119\u017cne. Prowadzimy analiz\u0119 stanu zad\u0142u\u017cenia, przygotowujemy wezwania do zap\u0142aty, negocjujemy ugody oraz wyst\u0119pujemy z pozwami w post\u0119powaniach nakazowych i upominawczych, minimalizuj\u0105c koszty i czas post\u0119powania. Nasze wsparcie obejmuje monitoring termin\u00f3w p\u0142atno\u015bci, zabezpieczanie roszcze\u0144 oraz egzekucj\u0119 ... Dowiedz si\u0119 wi\u0119cej\" \/>\n<meta property=\"og:url\" content=\"https:\/\/creatilaw.pl\/index.php\/tresc-windykacja-naleznosci\/\" \/>\n<meta property=\"article:modified_time\" content=\"2026-01-27T17:01:47+00:00\" \/>\n<meta name=\"twitter:card\" content=\"summary_large_image\" \/>\n<meta name=\"twitter:label1\" content=\"Szacowany czas czytania\" \/>\n\t<meta name=\"twitter:data1\" content=\"1 minuta\" \/>\n<script type=\"application\/ld+json\" class=\"yoast-schema-graph\">{\"@context\":\"https:\/\/schema.org\",\"@graph\":[{\"@type\":\"WebPage\",\"@id\":\"https:\/\/creatilaw.pl\/index.php\/tresc-windykacja-naleznosci\/\",\"url\":\"https:\/\/creatilaw.pl\/index.php\/tresc-windykacja-naleznosci\/\",\"name\":\"tresc - Windykacja nale\u017cno\u015bci -\",\"isPartOf\":{\"@id\":\"https:\/\/creatilaw.pl\/#website\"},\"datePublished\":\"2026-01-10T16:19:32+00:00\",\"dateModified\":\"2026-01-27T17:01:47+00:00\",\"breadcrumb\":{\"@id\":\"https:\/\/creatilaw.pl\/index.php\/tresc-windykacja-naleznosci\/#breadcrumb\"},\"inLanguage\":\"pl-PL\",\"potentialAction\":[{\"@type\":\"ReadAction\",\"target\":[\"https:\/\/creatilaw.pl\/index.php\/tresc-windykacja-naleznosci\/\"]}]},{\"@type\":\"BreadcrumbList\",\"@id\":\"https:\/\/creatilaw.pl\/index.php\/tresc-windykacja-naleznosci\/#breadcrumb\",\"itemListElement\":[{\"@type\":\"ListItem\",\"position\":1,\"name\":\"Home\",\"item\":\"https:\/\/creatilaw.pl\/\"},{\"@type\":\"ListItem\",\"position\":2,\"name\":\"tresc &#8211; Windykacja nale\u017cno\u015bci\"}]},{\"@type\":\"WebSite\",\"@id\":\"https:\/\/creatilaw.pl\/#website\",\"url\":\"https:\/\/creatilaw.pl\/\",\"name\":\"\",\"description\":\"\",\"potentialAction\":[{\"@type\":\"SearchAction\",\"target\":{\"@type\":\"EntryPoint\",\"urlTemplate\":\"https:\/\/creatilaw.pl\/?s={search_term_string}\"},\"query-input\":{\"@type\":\"PropertyValueSpecification\",\"valueRequired\":true,\"valueName\":\"search_term_string\"}}],\"inLanguage\":\"pl-PL\"}]}<\/script>\n<!-- \/ Yoast SEO plugin. -->","yoast_head_json":{"title":"tresc - Windykacja nale\u017cno\u015bci -","robots":{"index":"index","follow":"follow","max-snippet":"max-snippet:-1","max-image-preview":"max-image-preview:large","max-video-preview":"max-video-preview:-1"},"canonical":"https:\/\/creatilaw.pl\/index.php\/tresc-windykacja-naleznosci\/","og_locale":"pl_PL","og_type":"article","og_title":"tresc - Windykacja nale\u017cno\u015bci -","og_description":"Reprezentujemy przedsi\u0119biorc\u00f3w i klient\u00f3w indywidualnych w procesach windykacji nale\u017cno\u015bci, od etapu polubownego po egzekucj\u0119 s\u0105dow\u0105 i komornicz\u0105, skutecznie odzyskuj\u0105c nale\u017cno\u015bci pieni\u0119\u017cne. Prowadzimy analiz\u0119 stanu zad\u0142u\u017cenia, przygotowujemy wezwania do zap\u0142aty, negocjujemy ugody oraz wyst\u0119pujemy z pozwami w post\u0119powaniach nakazowych i upominawczych, minimalizuj\u0105c koszty i czas post\u0119powania. Nasze wsparcie obejmuje monitoring termin\u00f3w p\u0142atno\u015bci, zabezpieczanie roszcze\u0144 oraz egzekucj\u0119 ... Dowiedz si\u0119 wi\u0119cej","og_url":"https:\/\/creatilaw.pl\/index.php\/tresc-windykacja-naleznosci\/","article_modified_time":"2026-01-27T17:01:47+00:00","twitter_card":"summary_large_image","twitter_misc":{"Szacowany czas czytania":"1 minuta"},"schema":{"@context":"https:\/\/schema.org","@graph":[{"@type":"WebPage","@id":"https:\/\/creatilaw.pl\/index.php\/tresc-windykacja-naleznosci\/","url":"https:\/\/creatilaw.pl\/index.php\/tresc-windykacja-naleznosci\/","name":"tresc - Windykacja nale\u017cno\u015bci -","isPartOf":{"@id":"https:\/\/creatilaw.pl\/#website"},"datePublished":"2026-01-10T16:19:32+00:00","dateModified":"2026-01-27T17:01:47+00:00","breadcrumb":{"@id":"https:\/\/creatilaw.pl\/index.php\/tresc-windykacja-naleznosci\/#breadcrumb"},"inLanguage":"pl-PL","potentialAction":[{"@type":"ReadAction","target":["https:\/\/creatilaw.pl\/index.php\/tresc-windykacja-naleznosci\/"]}]},{"@type":"BreadcrumbList","@id":"https:\/\/creatilaw.pl\/index.php\/tresc-windykacja-naleznosci\/#breadcrumb","itemListElement":[{"@type":"ListItem","position":1,"name":"Home","item":"https:\/\/creatilaw.pl\/"},{"@type":"ListItem","position":2,"name":"tresc &#8211; Windykacja nale\u017cno\u015bci"}]},{"@type":"WebSite","@id":"https:\/\/creatilaw.pl\/#website","url":"https:\/\/creatilaw.pl\/","name":"","description":"","potentialAction":[{"@type":"SearchAction","target":{"@type":"EntryPoint","urlTemplate":"https:\/\/creatilaw.pl\/?s={search_term_string}"},"query-input":{"@type":"PropertyValueSpecification","valueRequired":true,"valueName":"search_term_string"}}],"inLanguage":"pl-PL"}]}},"_links":{"self":[{"href":"https:\/\/creatilaw.pl\/index.php\/wp-json\/wp\/v2\/pages\/319","targetHints":{"allow":["GET"]}}],"collection":[{"href":"https:\/\/creatilaw.pl\/index.php\/wp-json\/wp\/v2\/pages"}],"about":[{"href":"https:\/\/creatilaw.pl\/index.php\/wp-json\/wp\/v2\/types\/page"}],"author":[{"embeddable":true,"href":"https:\/\/creatilaw.pl\/index.php\/wp-json\/wp\/v2\/users\/1"}],"replies":[{"embeddable":true,"href":"https:\/\/creatilaw.pl\/index.php\/wp-json\/wp\/v2\/comments?post=319"}],"version-history":[{"count":2,"href":"https:\/\/creatilaw.pl\/index.php\/wp-json\/wp\/v2\/pages\/319\/revisions"}],"predecessor-version":[{"id":824,"href":"https:\/\/creatilaw.pl\/index.php\/wp-json\/wp\/v2\/pages\/319\/revisions\/824"}],"wp:attachment":[{"href":"https:\/\/creatilaw.pl\/index.php\/wp-json\/wp\/v2\/media?parent=319"}],"curies":[{"name":"wp","href":"https:\/\/api.w.org\/{rel}","templated":true}]}}