{"id":321,"date":"2026-01-10T17:20:07","date_gmt":"2026-01-10T16:20:07","guid":{"rendered":"http:\/\/serwer2502930.home.pl\/autoinstalator\/wordpressplugins\/index.php\/prawo-rodzinne\/"},"modified":"2026-01-25T12:24:17","modified_gmt":"2026-01-25T11:24:17","slug":"tresc-prawo-rodzinne","status":"publish","type":"page","link":"https:\/\/creatilaw.pl\/index.php\/tresc-prawo-rodzinne\/","title":{"rendered":"tresc &#8211; Prawo rodzinne"},"content":{"rendered":"\n<p>Sprawy rodzinne wymagaj\u0105 nie tylko znajomo\u015bci prawa, ale r\u00f3wnie\u017c empatii i zrozumienia. Pomagamy naszym Klientom przej\u015b\u0107 przez trudne sytuacje \u017cyciowe, dbaj\u0105c o ich interesy oraz o poczucie bezpiecze\u0144stwa w ca\u0142ym procesie. Oferujemy wsparcie w sprawach zwi\u0105zanych m.in. z rozwodami, separacjami, podzia\u0142em maj\u0105tku, sprawami zwi\u0105zanymi z ograniczeniem i pozbawieniem w\u0142adzy rodzicielskiej, alimentami oraz kontaktami z dzie\u0107mi.<br><br>Ka\u017cd\u0105 spraw\u0119 prowadzimy indywidualnie \u2013 z uwag\u0105 na szczeg\u00f3\u0142y, potrzeb\u0119 dyskrecji i skutecznego dzia\u0142ania. Naszym celem jest znalezienie najlepszego rozwi\u0105zania prawnego, kt\u00f3re pozwoli Pa\u0144stwu spokojnie i z godno\u015bci\u0105 uporz\u0105dkowa\u0107 kwestie rodzinne. Oferujemy wsparcie zar\u00f3wno na etapie mediacji i negocjacji, jak i w post\u0119powaniach s\u0105dowych.<\/p>\n\n\n\n<p>W zakresie prawa rodzinnego, \u015bwiadczymy mi\u0119dzy innymi nast\u0119puj\u0105ce us\u0142ugi:<\/p>\n\n\n\n<p>sprawy o rozw\u00f3d;<\/p>\n\n\n\n<p>sprawy o separacj\u0119;<\/p>\n\n\n\n<p>sprawy o alimenty;<\/p>\n\n\n\n<p>sprawy o powierzenie, ograniczenie lub pozbawienie w\u0142adzy rodzicielskiej nad ma\u0142oletnimi dzie\u0107mi;<\/p>\n\n\n\n<p>sprawy o ustalenie miejsca zamieszkania ma\u0142oletniego;<\/p>\n\n\n\n<p>sprawy spadkowe.<\/p>\n\n\n\n<div data-wp-context=\"{ &quot;autoclose&quot;: false, &quot;accordionItems&quot;: [] }\" data-wp-interactive=\"core\/accordion\" role=\"group\" class=\"wp-block-accordion is-layout-flow wp-block-accordion-is-layout-flow\">\n<div data-wp-class--is-open=\"state.isOpen\" data-wp-context=\"{ &quot;id&quot;: &quot;accordion-item-1&quot;, &quot;openByDefault&quot;: false }\" data-wp-init=\"callbacks.initAccordionItems\" data-wp-on-window--hashchange=\"callbacks.hashChange\" class=\"wp-block-accordion-item is-layout-flow wp-block-accordion-item-is-layout-flow\">\n<h3 class=\"wp-block-accordion-heading\"><button aria-expanded=\"false\" aria-controls=\"accordion-item-1-panel\" data-wp-bind--aria-expanded=\"state.isOpen\" data-wp-on--click=\"actions.toggle\" data-wp-on--keydown=\"actions.handleKeyDown\" id=\"accordion-item-1\" class=\"wp-block-accordion-heading__toggle\"><span class=\"wp-block-accordion-heading__toggle-title\"><\/span><span class=\"wp-block-accordion-heading__toggle-icon\" aria-hidden=\"true\">+<\/span><\/button><\/h3>\n\n\n\n<div inert aria-labelledby=\"accordion-item-1\" data-wp-bind--inert=\"!state.isOpen\" id=\"accordion-item-1-panel\" role=\"region\" class=\"wp-block-accordion-panel is-layout-flow wp-block-accordion-panel-is-layout-flow\">\n<p>Rozwody<\/p>\n\n\n\n<p><\/p>\n<\/div>\n<\/div>\n<\/div>\n","protected":false},"excerpt":{"rendered":"<p>Sprawy rodzinne wymagaj\u0105 nie tylko znajomo\u015bci prawa, ale r\u00f3wnie\u017c empatii i zrozumienia. Pomagamy naszym Klientom przej\u015b\u0107 przez trudne sytuacje \u017cyciowe, dbaj\u0105c o ich interesy oraz o poczucie bezpiecze\u0144stwa w ca\u0142ym procesie. Oferujemy wsparcie w sprawach zwi\u0105zanych m.in. z rozwodami, separacjami, podzia\u0142em maj\u0105tku, sprawami zwi\u0105zanymi z ograniczeniem i pozbawieniem w\u0142adzy rodzicielskiej, alimentami oraz kontaktami z dzie\u0107mi. &#8230; <a title=\"tresc &#8211; Prawo rodzinne\" class=\"read-more\" href=\"https:\/\/creatilaw.pl\/index.php\/tresc-prawo-rodzinne\/\" aria-label=\"Dowiedz si\u0119 wi\u0119cej o tresc &#8211; Prawo rodzinne\">Dowiedz si\u0119 wi\u0119cej<\/a><\/p>\n","protected":false},"author":1,"featured_media":0,"parent":0,"menu_order":0,"comment_status":"closed","ping_status":"closed","template":"","meta":{"footnotes":""},"class_list":["post-321","page","type-page","status-publish"],"yoast_head":"<!-- This site is optimized with the Yoast SEO plugin v26.4 - https:\/\/yoast.com\/wordpress\/plugins\/seo\/ -->\n<title>tresc - Prawo rodzinne -<\/title>\n<meta name=\"robots\" content=\"index, follow, max-snippet:-1, max-image-preview:large, max-video-preview:-1\" \/>\n<link rel=\"canonical\" href=\"https:\/\/creatilaw.pl\/index.php\/tresc-prawo-rodzinne\/\" \/>\n<meta property=\"og:locale\" content=\"pl_PL\" \/>\n<meta property=\"og:type\" content=\"article\" \/>\n<meta property=\"og:title\" content=\"tresc - Prawo rodzinne -\" \/>\n<meta property=\"og:description\" content=\"Sprawy rodzinne wymagaj\u0105 nie tylko znajomo\u015bci prawa, ale r\u00f3wnie\u017c empatii i zrozumienia. Pomagamy naszym Klientom przej\u015b\u0107 przez trudne sytuacje \u017cyciowe, dbaj\u0105c o ich interesy oraz o poczucie bezpiecze\u0144stwa w ca\u0142ym procesie. Oferujemy wsparcie w sprawach zwi\u0105zanych m.in. z rozwodami, separacjami, podzia\u0142em maj\u0105tku, sprawami zwi\u0105zanymi z ograniczeniem i pozbawieniem w\u0142adzy rodzicielskiej, alimentami oraz kontaktami z dzie\u0107mi. ... Dowiedz si\u0119 wi\u0119cej\" \/>\n<meta property=\"og:url\" content=\"https:\/\/creatilaw.pl\/index.php\/tresc-prawo-rodzinne\/\" \/>\n<meta property=\"article:modified_time\" content=\"2026-01-25T11:24:17+00:00\" \/>\n<meta name=\"twitter:card\" content=\"summary_large_image\" \/>\n<meta name=\"twitter:label1\" content=\"Szacowany czas czytania\" \/>\n\t<meta name=\"twitter:data1\" content=\"1 minuta\" \/>\n<script type=\"application\/ld+json\" class=\"yoast-schema-graph\">{\"@context\":\"https:\/\/schema.org\",\"@graph\":[{\"@type\":\"WebPage\",\"@id\":\"https:\/\/creatilaw.pl\/index.php\/tresc-prawo-rodzinne\/\",\"url\":\"https:\/\/creatilaw.pl\/index.php\/tresc-prawo-rodzinne\/\",\"name\":\"tresc - Prawo rodzinne -\",\"isPartOf\":{\"@id\":\"https:\/\/creatilaw.pl\/#website\"},\"datePublished\":\"2026-01-10T16:20:07+00:00\",\"dateModified\":\"2026-01-25T11:24:17+00:00\",\"breadcrumb\":{\"@id\":\"https:\/\/creatilaw.pl\/index.php\/tresc-prawo-rodzinne\/#breadcrumb\"},\"inLanguage\":\"pl-PL\",\"potentialAction\":[{\"@type\":\"ReadAction\",\"target\":[\"https:\/\/creatilaw.pl\/index.php\/tresc-prawo-rodzinne\/\"]}]},{\"@type\":\"BreadcrumbList\",\"@id\":\"https:\/\/creatilaw.pl\/index.php\/tresc-prawo-rodzinne\/#breadcrumb\",\"itemListElement\":[{\"@type\":\"ListItem\",\"position\":1,\"name\":\"Home\",\"item\":\"https:\/\/creatilaw.pl\/\"},{\"@type\":\"ListItem\",\"position\":2,\"name\":\"tresc &#8211; Prawo rodzinne\"}]},{\"@type\":\"WebSite\",\"@id\":\"https:\/\/creatilaw.pl\/#website\",\"url\":\"https:\/\/creatilaw.pl\/\",\"name\":\"\",\"description\":\"\",\"potentialAction\":[{\"@type\":\"SearchAction\",\"target\":{\"@type\":\"EntryPoint\",\"urlTemplate\":\"https:\/\/creatilaw.pl\/?s={search_term_string}\"},\"query-input\":{\"@type\":\"PropertyValueSpecification\",\"valueRequired\":true,\"valueName\":\"search_term_string\"}}],\"inLanguage\":\"pl-PL\"}]}<\/script>\n<!-- \/ Yoast SEO plugin. -->","yoast_head_json":{"title":"tresc - Prawo rodzinne -","robots":{"index":"index","follow":"follow","max-snippet":"max-snippet:-1","max-image-preview":"max-image-preview:large","max-video-preview":"max-video-preview:-1"},"canonical":"https:\/\/creatilaw.pl\/index.php\/tresc-prawo-rodzinne\/","og_locale":"pl_PL","og_type":"article","og_title":"tresc - Prawo rodzinne -","og_description":"Sprawy rodzinne wymagaj\u0105 nie tylko znajomo\u015bci prawa, ale r\u00f3wnie\u017c empatii i zrozumienia. Pomagamy naszym Klientom przej\u015b\u0107 przez trudne sytuacje \u017cyciowe, dbaj\u0105c o ich interesy oraz o poczucie bezpiecze\u0144stwa w ca\u0142ym procesie. Oferujemy wsparcie w sprawach zwi\u0105zanych m.in. z rozwodami, separacjami, podzia\u0142em maj\u0105tku, sprawami zwi\u0105zanymi z ograniczeniem i pozbawieniem w\u0142adzy rodzicielskiej, alimentami oraz kontaktami z dzie\u0107mi. ... Dowiedz si\u0119 wi\u0119cej","og_url":"https:\/\/creatilaw.pl\/index.php\/tresc-prawo-rodzinne\/","article_modified_time":"2026-01-25T11:24:17+00:00","twitter_card":"summary_large_image","twitter_misc":{"Szacowany czas czytania":"1 minuta"},"schema":{"@context":"https:\/\/schema.org","@graph":[{"@type":"WebPage","@id":"https:\/\/creatilaw.pl\/index.php\/tresc-prawo-rodzinne\/","url":"https:\/\/creatilaw.pl\/index.php\/tresc-prawo-rodzinne\/","name":"tresc - Prawo rodzinne -","isPartOf":{"@id":"https:\/\/creatilaw.pl\/#website"},"datePublished":"2026-01-10T16:20:07+00:00","dateModified":"2026-01-25T11:24:17+00:00","breadcrumb":{"@id":"https:\/\/creatilaw.pl\/index.php\/tresc-prawo-rodzinne\/#breadcrumb"},"inLanguage":"pl-PL","potentialAction":[{"@type":"ReadAction","target":["https:\/\/creatilaw.pl\/index.php\/tresc-prawo-rodzinne\/"]}]},{"@type":"BreadcrumbList","@id":"https:\/\/creatilaw.pl\/index.php\/tresc-prawo-rodzinne\/#breadcrumb","itemListElement":[{"@type":"ListItem","position":1,"name":"Home","item":"https:\/\/creatilaw.pl\/"},{"@type":"ListItem","position":2,"name":"tresc &#8211; Prawo rodzinne"}]},{"@type":"WebSite","@id":"https:\/\/creatilaw.pl\/#website","url":"https:\/\/creatilaw.pl\/","name":"","description":"","potentialAction":[{"@type":"SearchAction","target":{"@type":"EntryPoint","urlTemplate":"https:\/\/creatilaw.pl\/?s={search_term_string}"},"query-input":{"@type":"PropertyValueSpecification","valueRequired":true,"valueName":"search_term_string"}}],"inLanguage":"pl-PL"}]}},"_links":{"self":[{"href":"https:\/\/creatilaw.pl\/index.php\/wp-json\/wp\/v2\/pages\/321","targetHints":{"allow":["GET"]}}],"collection":[{"href":"https:\/\/creatilaw.pl\/index.php\/wp-json\/wp\/v2\/pages"}],"about":[{"href":"https:\/\/creatilaw.pl\/index.php\/wp-json\/wp\/v2\/types\/page"}],"author":[{"embeddable":true,"href":"https:\/\/creatilaw.pl\/index.php\/wp-json\/wp\/v2\/users\/1"}],"replies":[{"embeddable":true,"href":"https:\/\/creatilaw.pl\/index.php\/wp-json\/wp\/v2\/comments?post=321"}],"version-history":[{"count":6,"href":"https:\/\/creatilaw.pl\/index.php\/wp-json\/wp\/v2\/pages\/321\/revisions"}],"predecessor-version":[{"id":822,"href":"https:\/\/creatilaw.pl\/index.php\/wp-json\/wp\/v2\/pages\/321\/revisions\/822"}],"wp:attachment":[{"href":"https:\/\/creatilaw.pl\/index.php\/wp-json\/wp\/v2\/media?parent=321"}],"curies":[{"name":"wp","href":"https:\/\/api.w.org\/{rel}","templated":true}]}}