{"id":346,"date":"2026-01-10T19:00:36","date_gmt":"2026-01-10T18:00:36","guid":{"rendered":"http:\/\/serwer2502930.home.pl\/autoinstalator\/wordpressplugins\/index.php\/dominik-tokarski\/"},"modified":"2026-02-21T01:04:41","modified_gmt":"2026-02-21T00:04:41","slug":"dominik-tokarski","status":"publish","type":"page","link":"https:\/\/creatilaw.pl\/index.php\/dominik-tokarski\/","title":{"rendered":""},"content":{"rendered":"\n<style>\n\/* GTG CreatiLaw - Team Member Profile - Option 5 Card Layout *\/\n\n.profile-card {\n  display: flex;\n  gap: 0;\n  background: #f8fafc;\n  border-radius: 12px;\n  overflow: hidden;\n}\n\n.profile-image {\n  flex-shrink: 0;\n  width: 320px;\n  background: #1a365d;\n}\n\n.profile-image img {\n  width: 100%;\n  height: 100%;\n  object-fit: cover;\n  object-position: 40% center;\n  display: block;\n}\n\n.profile-info {\n  flex: 1;\n  padding: 40px;\n}\n\n.profile-name {\n  font-size: 28px;\n  font-weight: 700;\n  color: #1f2937;\n  margin-bottom: 8px;\n  line-height: 1.2;\n}\n\n.profile-title {\n  font-size: 18px;\n  color: #0073e6;\n  font-weight: 500;\n  margin-bottom: 24px;\n}\n\n.profile-title::after {\n  content: '';\n  display: block;\n  width: 60px;\n  height: 3px;\n  background: #0073e6;\n  margin-top: 16px;\n}\n\n.profile-content {\n  color: #4b5563;\n  font-size: 15px;\n  line-height: 1.8;\n}\n\n.profile-content p {\n  margin-bottom: 16px;\n}\n\n.profile-content p:last-child {\n  margin-bottom: 0;\n}\n\n.profile-content strong {\n  color: #1f2937;\n  font-weight: 600;\n}\n\n.back-link {\n  display: inline-flex;\n  align-items: center;\n  color: #0073e6;\n  text-decoration: none;\n  font-size: 15px;\n  margin-top: 32px;\n  transition: color 0.3s;\n}\n\n.back-link:hover {\n  color: #005bb5;\n}\n\n.back-link span {\n  margin-right: 8px;\n}\n\n@media (max-width: 768px) {\n  .profile-card {\n    flex-direction: column;\n  }\n\n  .profile-image {\n    width: 100%;\n  }\n\n  .profile-image img {\n    object-position: center top;\n  }\n\n  .profile-info {\n    padding: 32px 24px;\n    text-align: center;\n  }\n\n  .profile-title::after {\n    margin-left: auto;\n    margin-right: auto;\n  }\n\n  .profile-content {\n    text-align: left;\n  }\n\n  .profile-name {\n    font-size: 24px;\n  }\n}\n<\/style>\n\n<div class=\"profile-card\">\n  <div class=\"profile-image\">\n    <img decoding=\"async\" src=\"http:\/\/serwer2502930.home.pl\/autoinstalator\/wordpressplugins\/wp-content\/uploads\/2026\/02\/3Q9A1834-scaled.jpg\" alt=\"Dominik Tokarski\">\n  <\/div>\n  <div class=\"profile-info\">\n    <h1 class=\"profile-name\">Dominik Tokarski<\/h1>\n    <p class=\"profile-title\">Radca prawny<\/p>\n\n    <div class=\"profile-content\">\n      <p>Radca prawny przy Okr\u0119gowej Izbie Radc\u00f3w Prawnych w Lublinie, absolwent Uniwersytetu Marii-Curie Sk\u0142odowskiej w Lublinie.<\/p>\n\n      <p>W swojej praktyce koncentruje si\u0119 na skutecznym wspieraniu konsument\u00f3w w sporach z instytucjami finansowymi. Specjalizuje si\u0119 w sprawach dotycz\u0105cych <strong>kredyt\u00f3w frankowych<\/strong> oraz post\u0119powaniach zwi\u0105zanych ze stawk\u0105 <strong>WIBOR<\/strong>. Pomaga r\u00f3wnie\u017c klientom w korzystaniu z <strong>Sankcji Kredytu Darmowego (SKD)<\/strong> oraz odzyskiwaniu nienale\u017cnych op\u0142at bankowych, dbaj\u0105c o to, by skomplikowane zagadnienia prawne by\u0142y dla nich w pe\u0142ni jasne i zrozumia\u0142e.<\/p>\n\n      <p>R\u00f3wnolegle posiada bogate do\u015bwiadczenie w obs\u0142udze prawnej biznesu, ze szczeg\u00f3lnym uwzgl\u0119dnieniem <strong>medi\u00f3w, komunikacji elektronicznej i nowych technologii<\/strong>. Doradza przedsi\u0119biorcom w obszarze e-commerce oraz dba o ich bezpiecze\u0144stwo w kwestiach ochrony danych osobowych (RODO).<\/p>\n\n      <p>Praktyk\u0119 kancelaryjn\u0105 uzupe\u0142nia dzia\u0142alno\u015bci\u0105 dydaktyczn\u0105 oraz unikalnym do\u015bwiadczeniem w procesach legislacyjnych. Swoj\u0105 wiedz\u0105 dzieli si\u0119 r\u00f3wnie\u017c jako autor publikacji eksperckich w og\u00f3lnopolskich mediach.<\/p>\n\n      <p><strong>Pracuje w j\u0119zyku polskim, angielskim oraz niemieckim.<\/strong><\/p>\n    <\/div>\n<p>\n<a href=\"mailto:dominik.tokarski@creatilaw.com\">dominik.tokarski@creatilaw.com<\/a> <br\/>\ntel. +48 783093097\n<\/p>\n\n    <a href=\"\/index.php\/#zespol\" class=\"back-link\"><span>\u2190<\/span>Wr\u00f3\u0107<\/a>\n  <\/div>\n<\/div>\n","protected":false},"excerpt":{"rendered":"<p>Dominik Tokarski Radca prawny Radca prawny przy Okr\u0119gowej Izbie Radc\u00f3w Prawnych w Lublinie, absolwent Uniwersytetu Marii-Curie Sk\u0142odowskiej w Lublinie. W swojej praktyce koncentruje si\u0119 na skutecznym wspieraniu konsument\u00f3w w sporach z instytucjami finansowymi. Specjalizuje si\u0119 w sprawach dotycz\u0105cych kredyt\u00f3w frankowych oraz post\u0119powaniach zwi\u0105zanych ze stawk\u0105 WIBOR. Pomaga r\u00f3wnie\u017c klientom w korzystaniu z Sankcji Kredytu Darmowego &#8230; <a title=\"\" class=\"read-more\" href=\"https:\/\/creatilaw.pl\/index.php\/dominik-tokarski\/\" aria-label=\"Dowiedz si\u0119 wi\u0119cej o \">Dowiedz si\u0119 wi\u0119cej<\/a><\/p>\n","protected":false},"author":1,"featured_media":0,"parent":0,"menu_order":0,"comment_status":"closed","ping_status":"closed","template":"","meta":{"footnotes":""},"class_list":["post-346","page","type-page","status-publish"],"yoast_head":"<!-- This site is optimized with the Yoast SEO plugin v26.4 - https:\/\/yoast.com\/wordpress\/plugins\/seo\/ -->\n<title>Dominik Tokarski - Kancelaria GTG CreatiLaw<\/title>\n<meta name=\"description\" content=\"Dominik Tokarski - radca prawny przy Okr\u0119gowej Izbie Radc\u00f3w Prawnych w Lublinie, absolwent Uniwersytetu Marii-Curie Sk\u0142odowskiej w Lublinie.\" \/>\n<meta name=\"robots\" content=\"index, follow, max-snippet:-1, max-image-preview:large, max-video-preview:-1\" \/>\n<link rel=\"canonical\" href=\"https:\/\/creatilaw.pl\/index.php\/dominik-tokarski\/\" \/>\n<meta property=\"og:locale\" content=\"pl_PL\" \/>\n<meta property=\"og:type\" content=\"article\" \/>\n<meta property=\"og:title\" content=\"Dominik Tokarski - Kancelaria GTG CreatiLaw\" \/>\n<meta property=\"og:description\" content=\"Dominik Tokarski - radca prawny przy Okr\u0119gowej Izbie Radc\u00f3w Prawnych w Lublinie, absolwent Uniwersytetu Marii-Curie Sk\u0142odowskiej w Lublinie.\" \/>\n<meta property=\"og:url\" content=\"https:\/\/creatilaw.pl\/index.php\/dominik-tokarski\/\" \/>\n<meta property=\"article:modified_time\" content=\"2026-02-21T00:04:41+00:00\" \/>\n<meta property=\"og:image\" content=\"http:\/\/serwer2502930.home.pl\/autoinstalator\/wordpressplugins\/wp-content\/uploads\/2026\/02\/3Q9A1834-scaled.jpg\" \/>\n<meta name=\"twitter:card\" content=\"summary_large_image\" \/>\n<meta name=\"twitter:label1\" content=\"Szacowany czas czytania\" \/>\n\t<meta name=\"twitter:data1\" content=\"2 minuty\" \/>\n<script type=\"application\/ld+json\" class=\"yoast-schema-graph\">{\"@context\":\"https:\/\/schema.org\",\"@graph\":[{\"@type\":\"WebPage\",\"@id\":\"https:\/\/creatilaw.pl\/index.php\/dominik-tokarski\/\",\"url\":\"https:\/\/creatilaw.pl\/index.php\/dominik-tokarski\/\",\"name\":\"Dominik Tokarski - Kancelaria GTG CreatiLaw\",\"isPartOf\":{\"@id\":\"https:\/\/creatilaw.pl\/#website\"},\"primaryImageOfPage\":{\"@id\":\"https:\/\/creatilaw.pl\/index.php\/dominik-tokarski\/#primaryimage\"},\"image\":{\"@id\":\"https:\/\/creatilaw.pl\/index.php\/dominik-tokarski\/#primaryimage\"},\"thumbnailUrl\":\"http:\/\/serwer2502930.home.pl\/autoinstalator\/wordpressplugins\/wp-content\/uploads\/2026\/02\/3Q9A1834-scaled.jpg\",\"datePublished\":\"2026-01-10T18:00:36+00:00\",\"dateModified\":\"2026-02-21T00:04:41+00:00\",\"description\":\"Dominik Tokarski - radca prawny przy Okr\u0119gowej Izbie Radc\u00f3w Prawnych w Lublinie, absolwent Uniwersytetu Marii-Curie Sk\u0142odowskiej w Lublinie.\",\"inLanguage\":\"pl-PL\",\"potentialAction\":[{\"@type\":\"ReadAction\",\"target\":[\"https:\/\/creatilaw.pl\/index.php\/dominik-tokarski\/\"]}]},{\"@type\":\"ImageObject\",\"inLanguage\":\"pl-PL\",\"@id\":\"https:\/\/creatilaw.pl\/index.php\/dominik-tokarski\/#primaryimage\",\"url\":\"http:\/\/serwer2502930.home.pl\/autoinstalator\/wordpressplugins\/wp-content\/uploads\/2026\/02\/3Q9A1834-scaled.jpg\",\"contentUrl\":\"http:\/\/serwer2502930.home.pl\/autoinstalator\/wordpressplugins\/wp-content\/uploads\/2026\/02\/3Q9A1834-scaled.jpg\"},{\"@type\":\"WebSite\",\"@id\":\"https:\/\/creatilaw.pl\/#website\",\"url\":\"https:\/\/creatilaw.pl\/\",\"name\":\"\",\"description\":\"\",\"potentialAction\":[{\"@type\":\"SearchAction\",\"target\":{\"@type\":\"EntryPoint\",\"urlTemplate\":\"https:\/\/creatilaw.pl\/?s={search_term_string}\"},\"query-input\":{\"@type\":\"PropertyValueSpecification\",\"valueRequired\":true,\"valueName\":\"search_term_string\"}}],\"inLanguage\":\"pl-PL\"}]}<\/script>\n<!-- \/ Yoast SEO plugin. -->","yoast_head_json":{"title":"Dominik Tokarski - Kancelaria GTG CreatiLaw","description":"Dominik Tokarski - radca prawny przy Okr\u0119gowej Izbie Radc\u00f3w Prawnych w Lublinie, absolwent Uniwersytetu Marii-Curie Sk\u0142odowskiej w Lublinie.","robots":{"index":"index","follow":"follow","max-snippet":"max-snippet:-1","max-image-preview":"max-image-preview:large","max-video-preview":"max-video-preview:-1"},"canonical":"https:\/\/creatilaw.pl\/index.php\/dominik-tokarski\/","og_locale":"pl_PL","og_type":"article","og_title":"Dominik Tokarski - Kancelaria GTG CreatiLaw","og_description":"Dominik Tokarski - radca prawny przy Okr\u0119gowej Izbie Radc\u00f3w Prawnych w Lublinie, absolwent Uniwersytetu Marii-Curie Sk\u0142odowskiej w Lublinie.","og_url":"https:\/\/creatilaw.pl\/index.php\/dominik-tokarski\/","article_modified_time":"2026-02-21T00:04:41+00:00","og_image":[{"url":"http:\/\/serwer2502930.home.pl\/autoinstalator\/wordpressplugins\/wp-content\/uploads\/2026\/02\/3Q9A1834-scaled.jpg","type":"","width":"","height":""}],"twitter_card":"summary_large_image","twitter_misc":{"Szacowany czas czytania":"2 minuty"},"schema":{"@context":"https:\/\/schema.org","@graph":[{"@type":"WebPage","@id":"https:\/\/creatilaw.pl\/index.php\/dominik-tokarski\/","url":"https:\/\/creatilaw.pl\/index.php\/dominik-tokarski\/","name":"Dominik Tokarski - Kancelaria GTG CreatiLaw","isPartOf":{"@id":"https:\/\/creatilaw.pl\/#website"},"primaryImageOfPage":{"@id":"https:\/\/creatilaw.pl\/index.php\/dominik-tokarski\/#primaryimage"},"image":{"@id":"https:\/\/creatilaw.pl\/index.php\/dominik-tokarski\/#primaryimage"},"thumbnailUrl":"http:\/\/serwer2502930.home.pl\/autoinstalator\/wordpressplugins\/wp-content\/uploads\/2026\/02\/3Q9A1834-scaled.jpg","datePublished":"2026-01-10T18:00:36+00:00","dateModified":"2026-02-21T00:04:41+00:00","description":"Dominik Tokarski - radca prawny przy Okr\u0119gowej Izbie Radc\u00f3w Prawnych w Lublinie, absolwent Uniwersytetu Marii-Curie Sk\u0142odowskiej w Lublinie.","inLanguage":"pl-PL","potentialAction":[{"@type":"ReadAction","target":["https:\/\/creatilaw.pl\/index.php\/dominik-tokarski\/"]}]},{"@type":"ImageObject","inLanguage":"pl-PL","@id":"https:\/\/creatilaw.pl\/index.php\/dominik-tokarski\/#primaryimage","url":"http:\/\/serwer2502930.home.pl\/autoinstalator\/wordpressplugins\/wp-content\/uploads\/2026\/02\/3Q9A1834-scaled.jpg","contentUrl":"http:\/\/serwer2502930.home.pl\/autoinstalator\/wordpressplugins\/wp-content\/uploads\/2026\/02\/3Q9A1834-scaled.jpg"},{"@type":"WebSite","@id":"https:\/\/creatilaw.pl\/#website","url":"https:\/\/creatilaw.pl\/","name":"","description":"","potentialAction":[{"@type":"SearchAction","target":{"@type":"EntryPoint","urlTemplate":"https:\/\/creatilaw.pl\/?s={search_term_string}"},"query-input":{"@type":"PropertyValueSpecification","valueRequired":true,"valueName":"search_term_string"}}],"inLanguage":"pl-PL"}]}},"_links":{"self":[{"href":"https:\/\/creatilaw.pl\/index.php\/wp-json\/wp\/v2\/pages\/346","targetHints":{"allow":["GET"]}}],"collection":[{"href":"https:\/\/creatilaw.pl\/index.php\/wp-json\/wp\/v2\/pages"}],"about":[{"href":"https:\/\/creatilaw.pl\/index.php\/wp-json\/wp\/v2\/types\/page"}],"author":[{"embeddable":true,"href":"https:\/\/creatilaw.pl\/index.php\/wp-json\/wp\/v2\/users\/1"}],"replies":[{"embeddable":true,"href":"https:\/\/creatilaw.pl\/index.php\/wp-json\/wp\/v2\/comments?post=346"}],"version-history":[{"count":20,"href":"https:\/\/creatilaw.pl\/index.php\/wp-json\/wp\/v2\/pages\/346\/revisions"}],"predecessor-version":[{"id":1130,"href":"https:\/\/creatilaw.pl\/index.php\/wp-json\/wp\/v2\/pages\/346\/revisions\/1130"}],"wp:attachment":[{"href":"https:\/\/creatilaw.pl\/index.php\/wp-json\/wp\/v2\/media?parent=346"}],"curies":[{"name":"wp","href":"https:\/\/api.w.org\/{rel}","templated":true}]}}