{"id":348,"date":"2026-01-10T19:04:35","date_gmt":"2026-01-10T18:04:35","guid":{"rendered":"http:\/\/serwer2502930.home.pl\/autoinstalator\/wordpressplugins\/index.php\/natalia-grudniewska\/"},"modified":"2026-02-21T01:05:24","modified_gmt":"2026-02-21T00:05:24","slug":"natalia-grudniewska","status":"publish","type":"page","link":"https:\/\/creatilaw.pl\/index.php\/natalia-grudniewska\/","title":{"rendered":""},"content":{"rendered":"\n<style>\n\/* GTG CreatiLaw - Team Member Profile - Option 5 Card Layout *\/\n\n.profile-card {\n  display: flex;\n  gap: 0;\n  background: #f8fafc;\n  border-radius: 12px;\n  overflow: hidden;\n}\n\n.profile-image {\n  flex-shrink: 0;\n  width: 320px;\n  background: #1a365d;\n}\n\n.profile-image img {\n  width: 100%;\n  height: 100%;\n  object-fit: cover;\n  object-position: 80% center;\n  display: block;\n}\n\n.profile-info {\n  flex: 1;\n  padding: 40px;\n}\n\n.profile-name {\n  font-size: 28px;\n  font-weight: 700;\n  color: #1f2937;\n  margin-bottom: 8px;\n  line-height: 1.2;\n}\n\n.profile-title {\n  font-size: 18px;\n  color: #0073e6;\n  font-weight: 500;\n  margin-bottom: 24px;\n}\n\n.profile-title::after {\n  content: '';\n  display: block;\n  width: 60px;\n  height: 3px;\n  background: #0073e6;\n  margin-top: 16px;\n}\n\n.profile-content {\n  color: #4b5563;\n  font-size: 15px;\n  line-height: 1.8;\n}\n\n.profile-content p {\n  margin-bottom: 16px;\n}\n\n.profile-content p:last-child {\n  margin-bottom: 0;\n}\n\n.profile-content strong {\n  color: #1f2937;\n  font-weight: 600;\n}\n\n.back-link {\n  display: inline-flex;\n  align-items: center;\n  color: #0073e6;\n  text-decoration: none;\n  font-size: 15px;\n  margin-top: 32px;\n  transition: color 0.3s;\n}\n\n.back-link:hover {\n  color: #005bb5;\n}\n\n.back-link span {\n  margin-right: 8px;\n}\n\n@media (max-width: 768px) {\n  .profile-card {\n    flex-direction: column;\n  }\n\n  .profile-image {\n    width: 100%;\n  }\n\n.profile-image img {\n  object-position: center 20%;\n}\n\n  .profile-info {\n    padding: 32px 24px;\n    text-align: center;\n  }\n\n  .profile-title::after {\n    margin-left: auto;\n    margin-right: auto;\n  }\n\n  .profile-content {\n    text-align: left;\n  }\n\n  .profile-name {\n    font-size: 24px;\n  }\n}\n<\/style>\n\n<div class=\"profile-card\">\n  <div class=\"profile-image\">\n    <img decoding=\"async\" src=\"http:\/\/serwer2502930.home.pl\/autoinstalator\/wordpressplugins\/wp-content\/uploads\/2026\/01\/3Q9A1695-scaled.jpg\" alt=\"Natalia Grudniewska\">\n  <\/div>\n  <div class=\"profile-info\">\n    <h1 class=\"profile-name\">Natalia Grudniewska<\/h1>\n    <p class=\"profile-title\">Radczyni prawna<\/p>\n\n    <div class=\"profile-content\">\n      <p>Radczyni prawna przy Okr\u0119gowej Izbie Radc\u00f3w Prawnych w Warszawie, gdzie uko\u0144czy\u0142a aplikacj\u0119 z wyr\u00f3\u017cnieniem za jeden z najlepszych wynik\u00f3w na roku. Absolwentka Uniwersytetu Marii-Curie Sk\u0142odowskiej w Lublinie, uko\u0144czy\u0142a kurs na <strong>Inspektora Ochrony Danych Osobowych<\/strong> oraz studia podyplomowe z <strong>Prawa Nowych Technologii<\/strong> na Polskiej Akademii Nauk.<\/p>\n\n      <p>W swojej praktyce koncentruje si\u0119 na kompleksowej <strong>obs\u0142udze prawnej przedsi\u0119biorc\u00f3w<\/strong>, w tym podmiot\u00f3w z bran\u017cy <strong>energetycznej<\/strong>, deweloperskiej oraz sp\u00f3\u0142ek prawa handlowego. Zajmuje si\u0119 przygotowywaniem, opiniowaniem oraz negocjowaniem um\u00f3w, doradzaj\u0105c w transakcjach. Wspiera przedsi\u0119biorc\u00f3w w <strong>sporach gospodarczych<\/strong>, kwestiach zwi\u0105zanych z <strong>ochron\u0105 danych osobowych (RODO)<\/strong> oraz we wdra\u017caniu program\u00f3w <strong>compliance<\/strong>.\nPomaga r\u00f3wnie\u017c osobom fizycznym w <strong>sprawach rodzinnych i spadkowych<\/strong>, konsumentom w sporach odszkodowawczych, w tym zwi\u0105zanych z <strong>b\u0142\u0119dami w wykonaniu us\u0142ug medycyny estetycznej<\/strong> oraz w sprawach z zakresu <strong>prawa bankowego<\/strong>.<\/p>\n\n      <p><strong>\u015awiadczy obs\u0142ug\u0119 prawn\u0105 r\u00f3wnie\u017c w j\u0119zyku angielskim.<\/strong><\/p>\n<p>\n<a href=\"mailto:natalia.grudniewska@creatilaw.com\">natalia.grudniewska@creatilaw.com<\/a> <br\/>\ntel. +48 797133087\n<\/p>\n    <\/div>\n\n    <a href=\"\/index.php\/#zespol\" class=\"back-link\"><span>\u2190<\/span>Wr\u00f3\u0107<\/a>\n  <\/div>\n<\/div>\n\n\n\n<p><\/p>\n","protected":false},"excerpt":{"rendered":"<p>Natalia Grudniewska Radczyni prawna Radczyni prawna przy Okr\u0119gowej Izbie Radc\u00f3w Prawnych w Warszawie, gdzie uko\u0144czy\u0142a aplikacj\u0119 z wyr\u00f3\u017cnieniem za jeden z najlepszych wynik\u00f3w na roku. Absolwentka Uniwersytetu Marii-Curie Sk\u0142odowskiej w Lublinie, uko\u0144czy\u0142a kurs na Inspektora Ochrony Danych Osobowych oraz studia podyplomowe z Prawa Nowych Technologii na Polskiej Akademii Nauk. W swojej praktyce koncentruje si\u0119 na &#8230; <a title=\"\" class=\"read-more\" href=\"https:\/\/creatilaw.pl\/index.php\/natalia-grudniewska\/\" aria-label=\"Dowiedz si\u0119 wi\u0119cej o \">Dowiedz si\u0119 wi\u0119cej<\/a><\/p>\n","protected":false},"author":1,"featured_media":0,"parent":0,"menu_order":0,"comment_status":"closed","ping_status":"closed","template":"","meta":{"footnotes":""},"class_list":["post-348","page","type-page","status-publish"],"yoast_head":"<!-- This site is optimized with the Yoast SEO plugin v26.4 - https:\/\/yoast.com\/wordpress\/plugins\/seo\/ -->\n<title>Natalia Grudniewska - Kancelaria GTG CreatiLaw<\/title>\n<meta name=\"description\" content=\"Natalia Grudniewska - radczyni prawna przy Okr\u0119gowej Izbie Radc\u00f3w Prawnych w Warszawie, gdzie uko\u0144czy\u0142a z wyr\u00f3\u017cnieniem aplikacj\u0119 radcowsk\u0105 .\" \/>\n<meta name=\"robots\" content=\"index, follow, max-snippet:-1, max-image-preview:large, max-video-preview:-1\" \/>\n<link rel=\"canonical\" href=\"https:\/\/creatilaw.pl\/index.php\/natalia-grudniewska\/\" \/>\n<meta property=\"og:locale\" content=\"pl_PL\" \/>\n<meta property=\"og:type\" content=\"article\" \/>\n<meta property=\"og:title\" content=\"Natalia Grudniewska - Kancelaria GTG CreatiLaw\" \/>\n<meta property=\"og:description\" content=\"Natalia Grudniewska - radczyni prawna przy Okr\u0119gowej Izbie Radc\u00f3w Prawnych w Warszawie, gdzie uko\u0144czy\u0142a z wyr\u00f3\u017cnieniem aplikacj\u0119 radcowsk\u0105 .\" \/>\n<meta property=\"og:url\" content=\"https:\/\/creatilaw.pl\/index.php\/natalia-grudniewska\/\" \/>\n<meta property=\"article:modified_time\" content=\"2026-02-21T00:05:24+00:00\" \/>\n<meta property=\"og:image\" content=\"http:\/\/serwer2502930.home.pl\/autoinstalator\/wordpressplugins\/wp-content\/uploads\/2026\/01\/3Q9A1695-scaled.jpg\" \/>\n<meta name=\"twitter:card\" content=\"summary_large_image\" \/>\n<meta name=\"twitter:label1\" content=\"Szacowany czas czytania\" \/>\n\t<meta name=\"twitter:data1\" content=\"2 minuty\" \/>\n<script type=\"application\/ld+json\" class=\"yoast-schema-graph\">{\"@context\":\"https:\/\/schema.org\",\"@graph\":[{\"@type\":\"WebPage\",\"@id\":\"https:\/\/creatilaw.pl\/index.php\/natalia-grudniewska\/\",\"url\":\"https:\/\/creatilaw.pl\/index.php\/natalia-grudniewska\/\",\"name\":\"Natalia Grudniewska - Kancelaria GTG CreatiLaw\",\"isPartOf\":{\"@id\":\"https:\/\/creatilaw.pl\/#website\"},\"primaryImageOfPage\":{\"@id\":\"https:\/\/creatilaw.pl\/index.php\/natalia-grudniewska\/#primaryimage\"},\"image\":{\"@id\":\"https:\/\/creatilaw.pl\/index.php\/natalia-grudniewska\/#primaryimage\"},\"thumbnailUrl\":\"http:\/\/serwer2502930.home.pl\/autoinstalator\/wordpressplugins\/wp-content\/uploads\/2026\/01\/3Q9A1695-scaled.jpg\",\"datePublished\":\"2026-01-10T18:04:35+00:00\",\"dateModified\":\"2026-02-21T00:05:24+00:00\",\"description\":\"Natalia Grudniewska - radczyni prawna przy Okr\u0119gowej Izbie Radc\u00f3w Prawnych w Warszawie, gdzie uko\u0144czy\u0142a z wyr\u00f3\u017cnieniem aplikacj\u0119 radcowsk\u0105 .\",\"inLanguage\":\"pl-PL\",\"potentialAction\":[{\"@type\":\"ReadAction\",\"target\":[\"https:\/\/creatilaw.pl\/index.php\/natalia-grudniewska\/\"]}]},{\"@type\":\"ImageObject\",\"inLanguage\":\"pl-PL\",\"@id\":\"https:\/\/creatilaw.pl\/index.php\/natalia-grudniewska\/#primaryimage\",\"url\":\"http:\/\/serwer2502930.home.pl\/autoinstalator\/wordpressplugins\/wp-content\/uploads\/2026\/01\/3Q9A1695-scaled.jpg\",\"contentUrl\":\"http:\/\/serwer2502930.home.pl\/autoinstalator\/wordpressplugins\/wp-content\/uploads\/2026\/01\/3Q9A1695-scaled.jpg\"},{\"@type\":\"WebSite\",\"@id\":\"https:\/\/creatilaw.pl\/#website\",\"url\":\"https:\/\/creatilaw.pl\/\",\"name\":\"\",\"description\":\"\",\"potentialAction\":[{\"@type\":\"SearchAction\",\"target\":{\"@type\":\"EntryPoint\",\"urlTemplate\":\"https:\/\/creatilaw.pl\/?s={search_term_string}\"},\"query-input\":{\"@type\":\"PropertyValueSpecification\",\"valueRequired\":true,\"valueName\":\"search_term_string\"}}],\"inLanguage\":\"pl-PL\"}]}<\/script>\n<!-- \/ Yoast SEO plugin. -->","yoast_head_json":{"title":"Natalia Grudniewska - Kancelaria GTG CreatiLaw","description":"Natalia Grudniewska - radczyni prawna przy Okr\u0119gowej Izbie Radc\u00f3w Prawnych w Warszawie, gdzie uko\u0144czy\u0142a z wyr\u00f3\u017cnieniem aplikacj\u0119 radcowsk\u0105 .","robots":{"index":"index","follow":"follow","max-snippet":"max-snippet:-1","max-image-preview":"max-image-preview:large","max-video-preview":"max-video-preview:-1"},"canonical":"https:\/\/creatilaw.pl\/index.php\/natalia-grudniewska\/","og_locale":"pl_PL","og_type":"article","og_title":"Natalia Grudniewska - Kancelaria GTG CreatiLaw","og_description":"Natalia Grudniewska - radczyni prawna przy Okr\u0119gowej Izbie Radc\u00f3w Prawnych w Warszawie, gdzie uko\u0144czy\u0142a z wyr\u00f3\u017cnieniem aplikacj\u0119 radcowsk\u0105 .","og_url":"https:\/\/creatilaw.pl\/index.php\/natalia-grudniewska\/","article_modified_time":"2026-02-21T00:05:24+00:00","og_image":[{"url":"http:\/\/serwer2502930.home.pl\/autoinstalator\/wordpressplugins\/wp-content\/uploads\/2026\/01\/3Q9A1695-scaled.jpg","type":"","width":"","height":""}],"twitter_card":"summary_large_image","twitter_misc":{"Szacowany czas czytania":"2 minuty"},"schema":{"@context":"https:\/\/schema.org","@graph":[{"@type":"WebPage","@id":"https:\/\/creatilaw.pl\/index.php\/natalia-grudniewska\/","url":"https:\/\/creatilaw.pl\/index.php\/natalia-grudniewska\/","name":"Natalia Grudniewska - Kancelaria GTG CreatiLaw","isPartOf":{"@id":"https:\/\/creatilaw.pl\/#website"},"primaryImageOfPage":{"@id":"https:\/\/creatilaw.pl\/index.php\/natalia-grudniewska\/#primaryimage"},"image":{"@id":"https:\/\/creatilaw.pl\/index.php\/natalia-grudniewska\/#primaryimage"},"thumbnailUrl":"http:\/\/serwer2502930.home.pl\/autoinstalator\/wordpressplugins\/wp-content\/uploads\/2026\/01\/3Q9A1695-scaled.jpg","datePublished":"2026-01-10T18:04:35+00:00","dateModified":"2026-02-21T00:05:24+00:00","description":"Natalia Grudniewska - radczyni prawna przy Okr\u0119gowej Izbie Radc\u00f3w Prawnych w Warszawie, gdzie uko\u0144czy\u0142a z wyr\u00f3\u017cnieniem aplikacj\u0119 radcowsk\u0105 .","inLanguage":"pl-PL","potentialAction":[{"@type":"ReadAction","target":["https:\/\/creatilaw.pl\/index.php\/natalia-grudniewska\/"]}]},{"@type":"ImageObject","inLanguage":"pl-PL","@id":"https:\/\/creatilaw.pl\/index.php\/natalia-grudniewska\/#primaryimage","url":"http:\/\/serwer2502930.home.pl\/autoinstalator\/wordpressplugins\/wp-content\/uploads\/2026\/01\/3Q9A1695-scaled.jpg","contentUrl":"http:\/\/serwer2502930.home.pl\/autoinstalator\/wordpressplugins\/wp-content\/uploads\/2026\/01\/3Q9A1695-scaled.jpg"},{"@type":"WebSite","@id":"https:\/\/creatilaw.pl\/#website","url":"https:\/\/creatilaw.pl\/","name":"","description":"","potentialAction":[{"@type":"SearchAction","target":{"@type":"EntryPoint","urlTemplate":"https:\/\/creatilaw.pl\/?s={search_term_string}"},"query-input":{"@type":"PropertyValueSpecification","valueRequired":true,"valueName":"search_term_string"}}],"inLanguage":"pl-PL"}]}},"_links":{"self":[{"href":"https:\/\/creatilaw.pl\/index.php\/wp-json\/wp\/v2\/pages\/348","targetHints":{"allow":["GET"]}}],"collection":[{"href":"https:\/\/creatilaw.pl\/index.php\/wp-json\/wp\/v2\/pages"}],"about":[{"href":"https:\/\/creatilaw.pl\/index.php\/wp-json\/wp\/v2\/types\/page"}],"author":[{"embeddable":true,"href":"https:\/\/creatilaw.pl\/index.php\/wp-json\/wp\/v2\/users\/1"}],"replies":[{"embeddable":true,"href":"https:\/\/creatilaw.pl\/index.php\/wp-json\/wp\/v2\/comments?post=348"}],"version-history":[{"count":44,"href":"https:\/\/creatilaw.pl\/index.php\/wp-json\/wp\/v2\/pages\/348\/revisions"}],"predecessor-version":[{"id":1109,"href":"https:\/\/creatilaw.pl\/index.php\/wp-json\/wp\/v2\/pages\/348\/revisions\/1109"}],"wp:attachment":[{"href":"https:\/\/creatilaw.pl\/index.php\/wp-json\/wp\/v2\/media?parent=348"}],"curies":[{"name":"wp","href":"https:\/\/api.w.org\/{rel}","templated":true}]}}