{"id":498,"date":"2026-01-13T19:44:23","date_gmt":"2026-01-13T18:44:23","guid":{"rendered":"http:\/\/serwer2502930.home.pl\/autoinstalator\/wordpressplugins\/index.php\/internet-e-commerce-rodo\/"},"modified":"2026-01-25T14:42:27","modified_gmt":"2026-01-25T13:42:27","slug":"tresc-it-e-commerce-rodo","status":"publish","type":"page","link":"https:\/\/creatilaw.pl\/index.php\/tresc-it-e-commerce-rodo\/","title":{"rendered":"tresc &#8211; IT, E-COMMERCE, RODO"},"content":{"rendered":"\n<p><strong>IT,<\/strong><br><strong>e-commerce,<\/strong><br><strong>RODO<\/strong><br>Internet, e-commerce i ochrona danych to naczynia po\u0142\u0105czone, kt\u00f3re stanowi\u0105 fundament nowoczesnego biznesu. Skuteczna ochrona prawna w sieci to nie tylko obowi\u0105zek, ale przewaga konkurencyjna. Jako kancelaria pomagamy przedsi\u0119biorcom bezpiecznie nawigowa\u0107 w g\u0105szczu przepis\u00f3w \u2013 od RODO, przez dyrektyw\u0119 Omnibus, a\u017c po nowe regulacje dotycz\u0105ce cyberbezpiecze\u0144stwa i AI.<br><br>Jeste\u015bmy dost\u0119pni dla Ciebie w <strong>Warszawie, Lublinie<\/strong> oraz <strong>w pe\u0142ni zdalnie w ca\u0142ej Polsce<\/strong>. Wybierz interesuj\u0105cy Ci\u0119 temat z poni\u017cszych kafelk\u00f3w, aby dowiedzie\u0107 si\u0119 wi\u0119cej o tym, jak chronimy Tw\u00f3j biznes.<br>PRAWO E-commerce, OBS\u0141UGA\u00a0<br>platform sprzeda\u017cowych<br>rodo oraz OCHRONA DANYCH OSOBOWYCH<br>Umowy IT i Obs\u0142uga Software House<\/p>\n\n\n\n<p><\/p>\n","protected":false},"excerpt":{"rendered":"<p>IT,e-commerce,RODOInternet, e-commerce i ochrona danych to naczynia po\u0142\u0105czone, kt\u00f3re stanowi\u0105 fundament nowoczesnego biznesu. Skuteczna ochrona prawna w sieci to nie tylko obowi\u0105zek, ale przewaga konkurencyjna. Jako kancelaria pomagamy przedsi\u0119biorcom bezpiecznie nawigowa\u0107 w g\u0105szczu przepis\u00f3w \u2013 od RODO, przez dyrektyw\u0119 Omnibus, a\u017c po nowe regulacje dotycz\u0105ce cyberbezpiecze\u0144stwa i AI. Jeste\u015bmy dost\u0119pni dla Ciebie w Warszawie, Lublinie &#8230; <a title=\"tresc &#8211; IT, E-COMMERCE, RODO\" class=\"read-more\" href=\"https:\/\/creatilaw.pl\/index.php\/tresc-it-e-commerce-rodo\/\" aria-label=\"Dowiedz si\u0119 wi\u0119cej o tresc &#8211; IT, E-COMMERCE, RODO\">Dowiedz si\u0119 wi\u0119cej<\/a><\/p>\n","protected":false},"author":1,"featured_media":0,"parent":0,"menu_order":0,"comment_status":"closed","ping_status":"closed","template":"","meta":{"footnotes":""},"class_list":["post-498","page","type-page","status-publish"],"yoast_head":"<!-- This site is optimized with the Yoast SEO plugin v26.4 - https:\/\/yoast.com\/wordpress\/plugins\/seo\/ -->\n<title>tresc - IT, E-COMMERCE, RODO -<\/title>\n<meta name=\"robots\" content=\"index, follow, max-snippet:-1, max-image-preview:large, max-video-preview:-1\" \/>\n<link rel=\"canonical\" href=\"https:\/\/creatilaw.pl\/index.php\/tresc-it-e-commerce-rodo\/\" \/>\n<meta property=\"og:locale\" content=\"pl_PL\" \/>\n<meta property=\"og:type\" content=\"article\" \/>\n<meta property=\"og:title\" content=\"tresc - IT, E-COMMERCE, RODO -\" \/>\n<meta property=\"og:description\" content=\"IT,e-commerce,RODOInternet, e-commerce i ochrona danych to naczynia po\u0142\u0105czone, kt\u00f3re stanowi\u0105 fundament nowoczesnego biznesu. Skuteczna ochrona prawna w sieci to nie tylko obowi\u0105zek, ale przewaga konkurencyjna. Jako kancelaria pomagamy przedsi\u0119biorcom bezpiecznie nawigowa\u0107 w g\u0105szczu przepis\u00f3w \u2013 od RODO, przez dyrektyw\u0119 Omnibus, a\u017c po nowe regulacje dotycz\u0105ce cyberbezpiecze\u0144stwa i AI. Jeste\u015bmy dost\u0119pni dla Ciebie w Warszawie, Lublinie ... Dowiedz si\u0119 wi\u0119cej\" \/>\n<meta property=\"og:url\" content=\"https:\/\/creatilaw.pl\/index.php\/tresc-it-e-commerce-rodo\/\" \/>\n<meta property=\"article:modified_time\" content=\"2026-01-25T13:42:27+00:00\" \/>\n<meta name=\"twitter:card\" content=\"summary_large_image\" \/>\n<meta name=\"twitter:label1\" content=\"Szacowany czas czytania\" \/>\n\t<meta name=\"twitter:data1\" content=\"1 minuta\" \/>\n<script type=\"application\/ld+json\" class=\"yoast-schema-graph\">{\"@context\":\"https:\/\/schema.org\",\"@graph\":[{\"@type\":\"WebPage\",\"@id\":\"https:\/\/creatilaw.pl\/index.php\/tresc-it-e-commerce-rodo\/\",\"url\":\"https:\/\/creatilaw.pl\/index.php\/tresc-it-e-commerce-rodo\/\",\"name\":\"tresc - IT, E-COMMERCE, RODO -\",\"isPartOf\":{\"@id\":\"https:\/\/creatilaw.pl\/#website\"},\"datePublished\":\"2026-01-13T18:44:23+00:00\",\"dateModified\":\"2026-01-25T13:42:27+00:00\",\"breadcrumb\":{\"@id\":\"https:\/\/creatilaw.pl\/index.php\/tresc-it-e-commerce-rodo\/#breadcrumb\"},\"inLanguage\":\"pl-PL\",\"potentialAction\":[{\"@type\":\"ReadAction\",\"target\":[\"https:\/\/creatilaw.pl\/index.php\/tresc-it-e-commerce-rodo\/\"]}]},{\"@type\":\"BreadcrumbList\",\"@id\":\"https:\/\/creatilaw.pl\/index.php\/tresc-it-e-commerce-rodo\/#breadcrumb\",\"itemListElement\":[{\"@type\":\"ListItem\",\"position\":1,\"name\":\"Home\",\"item\":\"https:\/\/creatilaw.pl\/\"},{\"@type\":\"ListItem\",\"position\":2,\"name\":\"tresc &#8211; IT, E-COMMERCE, RODO\"}]},{\"@type\":\"WebSite\",\"@id\":\"https:\/\/creatilaw.pl\/#website\",\"url\":\"https:\/\/creatilaw.pl\/\",\"name\":\"\",\"description\":\"\",\"potentialAction\":[{\"@type\":\"SearchAction\",\"target\":{\"@type\":\"EntryPoint\",\"urlTemplate\":\"https:\/\/creatilaw.pl\/?s={search_term_string}\"},\"query-input\":{\"@type\":\"PropertyValueSpecification\",\"valueRequired\":true,\"valueName\":\"search_term_string\"}}],\"inLanguage\":\"pl-PL\"}]}<\/script>\n<!-- \/ Yoast SEO plugin. -->","yoast_head_json":{"title":"tresc - IT, E-COMMERCE, RODO -","robots":{"index":"index","follow":"follow","max-snippet":"max-snippet:-1","max-image-preview":"max-image-preview:large","max-video-preview":"max-video-preview:-1"},"canonical":"https:\/\/creatilaw.pl\/index.php\/tresc-it-e-commerce-rodo\/","og_locale":"pl_PL","og_type":"article","og_title":"tresc - IT, E-COMMERCE, RODO -","og_description":"IT,e-commerce,RODOInternet, e-commerce i ochrona danych to naczynia po\u0142\u0105czone, kt\u00f3re stanowi\u0105 fundament nowoczesnego biznesu. Skuteczna ochrona prawna w sieci to nie tylko obowi\u0105zek, ale przewaga konkurencyjna. Jako kancelaria pomagamy przedsi\u0119biorcom bezpiecznie nawigowa\u0107 w g\u0105szczu przepis\u00f3w \u2013 od RODO, przez dyrektyw\u0119 Omnibus, a\u017c po nowe regulacje dotycz\u0105ce cyberbezpiecze\u0144stwa i AI. Jeste\u015bmy dost\u0119pni dla Ciebie w Warszawie, Lublinie ... Dowiedz si\u0119 wi\u0119cej","og_url":"https:\/\/creatilaw.pl\/index.php\/tresc-it-e-commerce-rodo\/","article_modified_time":"2026-01-25T13:42:27+00:00","twitter_card":"summary_large_image","twitter_misc":{"Szacowany czas czytania":"1 minuta"},"schema":{"@context":"https:\/\/schema.org","@graph":[{"@type":"WebPage","@id":"https:\/\/creatilaw.pl\/index.php\/tresc-it-e-commerce-rodo\/","url":"https:\/\/creatilaw.pl\/index.php\/tresc-it-e-commerce-rodo\/","name":"tresc - IT, E-COMMERCE, RODO -","isPartOf":{"@id":"https:\/\/creatilaw.pl\/#website"},"datePublished":"2026-01-13T18:44:23+00:00","dateModified":"2026-01-25T13:42:27+00:00","breadcrumb":{"@id":"https:\/\/creatilaw.pl\/index.php\/tresc-it-e-commerce-rodo\/#breadcrumb"},"inLanguage":"pl-PL","potentialAction":[{"@type":"ReadAction","target":["https:\/\/creatilaw.pl\/index.php\/tresc-it-e-commerce-rodo\/"]}]},{"@type":"BreadcrumbList","@id":"https:\/\/creatilaw.pl\/index.php\/tresc-it-e-commerce-rodo\/#breadcrumb","itemListElement":[{"@type":"ListItem","position":1,"name":"Home","item":"https:\/\/creatilaw.pl\/"},{"@type":"ListItem","position":2,"name":"tresc &#8211; IT, E-COMMERCE, RODO"}]},{"@type":"WebSite","@id":"https:\/\/creatilaw.pl\/#website","url":"https:\/\/creatilaw.pl\/","name":"","description":"","potentialAction":[{"@type":"SearchAction","target":{"@type":"EntryPoint","urlTemplate":"https:\/\/creatilaw.pl\/?s={search_term_string}"},"query-input":{"@type":"PropertyValueSpecification","valueRequired":true,"valueName":"search_term_string"}}],"inLanguage":"pl-PL"}]}},"_links":{"self":[{"href":"https:\/\/creatilaw.pl\/index.php\/wp-json\/wp\/v2\/pages\/498","targetHints":{"allow":["GET"]}}],"collection":[{"href":"https:\/\/creatilaw.pl\/index.php\/wp-json\/wp\/v2\/pages"}],"about":[{"href":"https:\/\/creatilaw.pl\/index.php\/wp-json\/wp\/v2\/types\/page"}],"author":[{"embeddable":true,"href":"https:\/\/creatilaw.pl\/index.php\/wp-json\/wp\/v2\/users\/1"}],"replies":[{"embeddable":true,"href":"https:\/\/creatilaw.pl\/index.php\/wp-json\/wp\/v2\/comments?post=498"}],"version-history":[{"count":21,"href":"https:\/\/creatilaw.pl\/index.php\/wp-json\/wp\/v2\/pages\/498\/revisions"}],"predecessor-version":[{"id":833,"href":"https:\/\/creatilaw.pl\/index.php\/wp-json\/wp\/v2\/pages\/498\/revisions\/833"}],"wp:attachment":[{"href":"https:\/\/creatilaw.pl\/index.php\/wp-json\/wp\/v2\/media?parent=498"}],"curies":[{"name":"wp","href":"https:\/\/api.w.org\/{rel}","templated":true}]}}